{"id":70087,"date":"2025-11-04T05:44:23","date_gmt":"2025-11-04T05:44:23","guid":{"rendered":"https:\/\/www.turbo-shop.eu\/turbinengehaeuse\/"},"modified":"2026-04-16T10:39:18","modified_gmt":"2026-04-16T10:39:18","slug":"turbinengehaeuse","status":"publish","type":"page","link":"https:\/\/www.turbo-shop.eu\/de\/turbinengehaeuse\/","title":{"rendered":"Turbinengeh\u00e4use"},"content":{"rendered":"\t\t<div data-elementor-type=\"wp-page\" data-elementor-id=\"70087\" class=\"elementor elementor-70087 elementor-29547\">\n\t\t\t\t<div class=\"wd-negative-gap elementor-element elementor-element-36007c93 e-flex e-con-boxed e-con e-parent\" data-id=\"36007c93\" data-element_type=\"container\" data-e-type=\"container\">\n\t\t\t\t\t<div class=\"e-con-inner\">\n\t\t<div class=\"elementor-element elementor-element-738ef0f3 e-con-full e-flex e-con e-child\" data-id=\"738ef0f3\" data-element_type=\"container\" data-e-type=\"container\">\n\t\t<div class=\"elementor-element elementor-element-1e618a0d e-con-full e-flex e-con e-child\" data-id=\"1e618a0d\" data-element_type=\"container\" data-e-type=\"container\">\n\t\t\t\t<div class=\"elementor-element elementor-element-5c153cfc elementor-widget elementor-widget-wd_image_or_svg\" data-id=\"5c153cfc\" data-element_type=\"widget\" data-e-type=\"widget\" data-widget_type=\"wd_image_or_svg.default\">\n\t\t\t\t<div class=\"elementor-widget-container\">\n\t\t\t\t\t\n\t\t<div class=\"wd-image text-left\">\n\t\t\t\t\t\t\t\t<img fetchpriority=\"high\" decoding=\"async\" width=\"809\" height=\"807\" src=\"https:\/\/www.turbo-shop.eu\/wp-content\/uploads\/2025\/12\/housing_1.png\" class=\"attachment-full size-full\" alt=\"\" srcset=\"https:\/\/www.turbo-shop.eu\/wp-content\/uploads\/2025\/12\/housing_1.png 809w, https:\/\/www.turbo-shop.eu\/wp-content\/uploads\/2025\/12\/housing_1-301x300.png 301w, https:\/\/www.turbo-shop.eu\/wp-content\/uploads\/2025\/12\/housing_1-802x800.png 802w, https:\/\/www.turbo-shop.eu\/wp-content\/uploads\/2025\/12\/housing_1-150x150.png 150w, https:\/\/www.turbo-shop.eu\/wp-content\/uploads\/2025\/12\/housing_1-768x766.png 768w, https:\/\/www.turbo-shop.eu\/wp-content\/uploads\/2025\/12\/housing_1-430x429.png 430w, https:\/\/www.turbo-shop.eu\/wp-content\/uploads\/2025\/12\/housing_1-700x698.png 700w\" sizes=\"(max-width: 809px) 100vw, 809px\" \/>\t\t\t\t\t<\/div>\n\n\t\t\t\t\t\t<\/div>\n\t\t\t\t<\/div>\n\t\t\t\t<\/div>\n\t\t<div class=\"elementor-element elementor-element-5630f77d e-con-full e-flex e-con e-child\" data-id=\"5630f77d\" data-element_type=\"container\" data-e-type=\"container\">\n\t\t\t\t<div class=\"elementor-element elementor-element-215a13f7 wd-width-100 elementor-widget elementor-widget-wd_title\" data-id=\"215a13f7\" data-element_type=\"widget\" data-e-type=\"widget\" data-widget_type=\"wd_title.default\">\n\t\t\t\t<div class=\"elementor-widget-container\">\n\t\t\t\t\t\t\t<div class=\"title-wrapper wd-set-mb reset-last-child wd-title-color-primary wd-title-style-default wd-title-size-large text-left\">\n\n\t\t\t\t\t\t\t\t\t\t\t<div class=\"title-subtitle subtitle-color-primary subtitle-style-default wd-fontsize-xs\">\n\t\t\t\t\tTURBORAIL TURBINEN- &amp; VERDICHTERGEH\u00c4USE \t\t\t\t<\/div>\n\t\t\t\n\t\t\t<div class=\"liner-continer\">\n\t\t\t\t<h2 class=\"woodmart-title-container title wd-fontsize-xxl\">Strukturelle Integrit\u00e4t und pr\u00e4zise Str\u00f6mungsf\u00fchrung<\/h2> \n\t\t\t\t\t\t\t<\/div>\n\n\t\t\t\t\t\t\t<div class=\"title-after_title reset-last-child wd-fontsize-s\">\n\t\t\t\t\t<p><strong>Stellen Sie das Geh\u00e4use Ihres Turboladers mit hochbelastbaren Komponenten einer vertrauensw\u00fcrdigen europ\u00e4ischen Marke wieder auf werkseitige Spezifikationen her.<\/strong><\/p><p>Die Geh\u00e4use Ihres Turboladers sind weit mehr als nur Metallabdeckungen; sie sind pr\u00e4zisionsgefertigte Druckbeh\u00e4lter, die den Gasstrom mit unglaublichen Geschwindigkeiten lenken. Das Turbinengeh\u00e4use muss extreme thermische Wechselbelastungen ohne Rissbildung aushalten, w\u00e4hrend das Verdichtergeh\u00e4use perfekte Innenluftspalte einhalten muss, um maximale Ladedruckeffizienz zu gew\u00e4hrleisten. Turborail bietet Ersatzgeh\u00e4use, die daf\u00fcr ausgelegt sind, diesen rauen Bedingungen standzuhalten und die urspr\u00fcngliche Leistung Ihres Fahrzeugs wiederherzustellen.<\/p><p>Als vertrauensw\u00fcrdige europ\u00e4ische Marke mit Hauptsitz in der EU stellt Turborail sicher, dass jedes Geh\u00e4use die mechanischen und thermischen Anforderungen moderner turbogeladener Motoren erf\u00fcllt. Ob Sie ein gerissenes Abgasgeh\u00e4use oder die besch\u00e4digte Ansaugseite ersetzen \u2013 unsere Komponenten bieten die Zuverl\u00e4ssigkeit und Passgenauigkeit, die Sie f\u00fcr eine Reparatur in Profiqualit\u00e4t ben\u00f6tigen.<\/p>\t\t\t\t<\/div>\n\t\t\t\t\t<\/div>\n\t\t\t\t\t\t<\/div>\n\t\t\t\t<\/div>\n\t\t\t\t<\/div>\n\t\t\t\t<\/div>\n\t\t<div class=\"elementor-element elementor-element-6f507a41 e-con-full e-flex e-con e-child\" data-id=\"6f507a41\" data-element_type=\"container\" data-e-type=\"container\">\n\t\t<div class=\"elementor-element elementor-element-2d7c93bb e-con-full e-flex e-con e-child\" data-id=\"2d7c93bb\" data-element_type=\"container\" data-e-type=\"container\">\n\t\t<div class=\"elementor-element elementor-element-5a9e5987 e-con-full e-flex e-con e-child\" data-id=\"5a9e5987\" data-element_type=\"container\" data-e-type=\"container\">\n\t\t\t\t<div class=\"elementor-element elementor-element-60393a60 elementor-widget elementor-widget-wd_text_block\" data-id=\"60393a60\" data-element_type=\"widget\" data-e-type=\"widget\" data-widget_type=\"wd_text_block.default\">\n\t\t\t\t<div class=\"elementor-widget-container\">\n\t\t\t\t\t\t\t<div class=\"wd-text-block reset-last-child text-left\">\n\t\t\t\n\t\t\t<h2 data-start=\"676\" data-end=\"696\">Wichtige Vorteile <strong>der Turborail-Geh\u00e4use<\/strong><\/h2><ul><li><strong>Hochtemperaturbest\u00e4ndigkeit:<\/strong> Unsere Turbinen- (Abgas-)Geh\u00e4use werden aus Premium-Legierungen gegossen, die speziell aufgrund ihrer Best\u00e4ndigkeit gegen thermische Erm\u00fcdung ausgew\u00e4hlt wurden. Das hilft, die typischen Risse und Verz\u00fcge zu verhindern, die bei hohen Abgastemperaturen auftreten.<\/li><li><strong>Pr\u00e4zisionsbearbeitung:<\/strong> Die Innenkonturen unserer Verdichter- und Turbinengeh\u00e4use werden mit engsten Toleranzen bearbeitet. So wird der korrekte Abstand zwischen den R\u00e4dern und den Geh\u00e4usew\u00e4nden sichergestellt \u2013 entscheidend f\u00fcr die Aufrechterhaltung der maximalen aerodynamischen Effizienz.<\/li><li><strong>Garantie f\u00fcr direkte Passform:<\/strong> Als direkter Ersatz f\u00fcr Originalteile konzipiert, gew\u00e4hrleisten Turborail-Geh\u00e4use eine nahtlose Passform mit Ihrer vorhandenen Rumpfgruppe und den Anschlussstellen am Kr\u00fcmmer, wodurch der Einbauprozess vereinfacht wird.<\/li><li><strong>Strukturelle Robustheit:<\/strong> Jedes Geh\u00e4use wird auf Gussintegrit\u00e4t und strukturelle Stabilit\u00e4t gepr\u00fcft. Unser Fokus liegt darauf, eine robuste Komponente bereitzustellen, die der Hochdruckumgebung eines modernen Turboladersystems standh\u00e4lt.<\/li><li><strong>Strenge Qualit\u00e4tspr\u00fcfung:<\/strong> Alle Einheiten durchlaufen an unserem EU-Standort eine strenge Qualit\u00e4tskontrolle. Wir pr\u00fcfen Befestigungspunkte, Gewindeintegrit\u00e4t und Oberfl\u00e4chenfinish, damit jedes Teil sofort einsatzbereit ist.<\/li><li><strong>Vertrauensw\u00fcrdige europ\u00e4ische Marke:<\/strong> Mit Turborail profitieren Sie von der Sicherheit und dem professionellen Hintergrund einer Marke mit EU-basiertem Operationszentrum, die sich der Lieferung zuverl\u00e4ssiger Automotive-L\u00f6sungen verschrieben hat.<\/li><\/ul>\n\t\t\t\t\t<\/div>\n\t\t\t\t\t\t<\/div>\n\t\t\t\t<\/div>\n\t\t\t\t<\/div>\n\t\t<div class=\"elementor-element elementor-element-62a882bc e-con-full e-flex e-con e-child\" data-id=\"62a882bc\" data-element_type=\"container\" data-e-type=\"container\">\n\t\t\t\t<div class=\"elementor-element elementor-element-43009773 elementor-widget elementor-widget-wd_image_or_svg\" data-id=\"43009773\" data-element_type=\"widget\" data-e-type=\"widget\" data-widget_type=\"wd_image_or_svg.default\">\n\t\t\t\t<div class=\"elementor-widget-container\">\n\t\t\t\t\t\n\t\t<div class=\"wd-image text-left\">\n\t\t\t\t\t\t\t\t<img decoding=\"async\" width=\"493\" height=\"478\" src=\"https:\/\/www.turbo-shop.eu\/wp-content\/uploads\/2025\/12\/housing_2.png\" class=\"attachment-full size-full\" alt=\"\" srcset=\"https:\/\/www.turbo-shop.eu\/wp-content\/uploads\/2025\/12\/housing_2.png 493w, https:\/\/www.turbo-shop.eu\/wp-content\/uploads\/2025\/12\/housing_2-309x300.png 309w, https:\/\/www.turbo-shop.eu\/wp-content\/uploads\/2025\/12\/housing_2-430x417.png 430w, https:\/\/www.turbo-shop.eu\/wp-content\/uploads\/2025\/12\/housing_2-150x145.png 150w\" sizes=\"(max-width: 493px) 100vw, 493px\" \/>\t\t\t\t\t<\/div>\n\n\t\t\t\t\t\t<\/div>\n\t\t\t\t<\/div>\n\t\t\t\t<\/div>\n\t\t\t\t<\/div>\n\t\t\t\t<\/div>\n\t\t\t\t\t<\/div>\n\t\t\t\t<\/div>\n\t\t<div class=\"wd-negative-gap elementor-element elementor-element-536cee5b e-flex e-con-boxed e-con e-parent\" data-id=\"536cee5b\" data-element_type=\"container\" data-e-type=\"container\">\n\t\t\t\t\t<div class=\"e-con-inner\">\n\t\t<div class=\"elementor-element elementor-element-6b55455 e-con-full e-flex e-con e-child\" data-id=\"6b55455\" data-element_type=\"container\" data-e-type=\"container\" data-settings=\"{&quot;background_background&quot;:&quot;classic&quot;}\">\n\t\t<div class=\"elementor-element elementor-element-71901f5d e-con-full e-flex e-con e-child\" data-id=\"71901f5d\" data-element_type=\"container\" data-e-type=\"container\">\n\t\t\t\t<div class=\"elementor-element elementor-element-40449a68 elementor-widget elementor-widget-wd_infobox\" data-id=\"40449a68\" data-element_type=\"widget\" data-e-type=\"widget\" data-widget_type=\"wd_infobox.default\">\n\t\t\t\t<div class=\"elementor-widget-container\">\n\t\t\t\t\t\t\t<div class=\"info-box-wrapper\">\n\t\t\t<div class=\"wd-info-box text-left box-icon-align-left box-style-base color-scheme- wd-items-top\">\n\t\t\t\t\t\t\t\t\t<div class=\"box-icon-wrapper  box-with-icon box-icon-simple\">\n\t\t\t\t\t\t<div class=\"info-box-icon\">\n\t\t\t\t\t\t\t\t\t\t\t\t\t\t\t<div class=\"info-svg-wrapper\" style=\"width:50px; height:67px;\"><img loading=\"lazy\" decoding=\"async\"  src=\"https:\/\/www.turbo-shop.eu\/wp-content\/uploads\/2021\/09\/motorcycle-filters-ico.svg\" title=\"motorcycle-filters-ico\" loading=\"lazy\" width=\"50\" height=\"67\"><\/div>\t\t\t\t\t\t\t\t\t\t\t\t\t<\/div>\n\t\t\t\t\t<\/div>\n\t\t\t\t\n\t\t\t\t<div class=\"info-box-content\">\n\t\t\t\t\t\n\t\t\t\t\t\t\t\t\t\t\t<h3\t\t\t\t\t\tclass=\"info-box-title title box-title-style-default wd-fontsize-xl\" data-elementor-setting-key=\"title\">\n\t\t\t\t\t\t\t\tFinden Sie Ihr Turbinengeh\u00e4use anhand der Turbonummer!\t\t\t\t\t\t<\/h3>\n\t\t\t\t\t\n\t\t\t\t\t<div class=\"info-box-inner reset-last-child\"data-elementor-setting-key=\"content\"><p data-start=\"75\" data-end=\"237\">Geben Sie die genaue Turbonummer oder Produktteilenummer ein, um sofort eine \u00dcbereinstimmung zu finden.<\/p>\n<p data-start=\"239\" data-end=\"339\" data-is-last-node=\"\" data-is-only-node=\"\">\n<\/div>\n\n\t\t\t\t\t\t\t\t\t<\/div>\n\n\t\t\t\t\t\t\t\t\t<a href=\"#\" class=\"wd-info-box-link wd-fill\" aria-label=\"Infobox link\"><\/a>\n\t\t\t\t\t\t\t<\/div>\n\t\t<\/div>\n\t\t\t\t\t\t<\/div>\n\t\t\t\t<\/div>\n\t\t\t\t<\/div>\n\t\t<div class=\"elementor-element elementor-element-3d64153d e-con-full e-flex e-con e-child\" data-id=\"3d64153d\" data-element_type=\"container\" data-e-type=\"container\">\n\t\t\t\t<div class=\"elementor-element elementor-element-7e5d0ad5 elementor-widget__width-initial elementor-widget-tablet__width-initial elementor-widget elementor-widget-shortcode\" data-id=\"7e5d0ad5\" data-element_type=\"widget\" data-e-type=\"widget\" data-widget_type=\"shortcode.default\">\n\t\t\t\t\t\t\t<div class=\"elementor-shortcode\">    <div class=\"turbo-plain\">\n                    <form class=\"turbo-search-form\" action=\"\" method=\"get\" autocomplete=\"off\">\n            <label for=\"turbo-input\" class=\"turbo-label\">Turbo number or SKU search<\/label>\n            <div class=\"turbo-input-wrap\">\n                <input\n                    type=\"text\"\n                    id=\"turbo-input\"\n                    name=\"turbo\"\n                    value=\"\"\n                    placeholder=\"e.g. 717858-001, 038145702G\"\n                \/>\n                <button type=\"submit\">Search<\/button>\n            <\/div>\n            <div id=\"turbo-suggest\" class=\"turbo-suggest\" hidden><\/div>\n        <\/form>\n            <\/div>\n    \n<\/div>\n\t\t\t\t\t\t<\/div>\n\t\t\t\t<\/div>\n\t\t\t\t<\/div>\n\t\t\t\t\t<\/div>\n\t\t\t\t<\/div>\n\t\t\t\t<\/div>\n\t\t","protected":false},"excerpt":{"rendered":"<p>TURBORAIL TURBINEN- &amp; VERDICHTERGEH\u00c4USE Strukturelle Integrit\u00e4t und pr\u00e4zise Str\u00f6mungsf\u00fchrung Stellen Sie das Geh\u00e4use Ihres Turboladers mit hochbelastbaren Komponenten einer vertrauensw\u00fcrdigen<\/p>\n","protected":false},"author":2,"featured_media":0,"parent":0,"menu_order":0,"comment_status":"closed","ping_status":"closed","template":"","meta":{"_acf_changed":false,"footnotes":""},"class_list":["post-70087","page","type-page","status-publish","hentry"],"acf":[],"yoast_head":"<!-- This site is optimized with the Yoast SEO plugin v27.4 - https:\/\/yoast.com\/product\/yoast-seo-wordpress\/ -->\n<title>Turbinengeh\u00e4use - Turbo Shop<\/title>\n<meta name=\"description\" content=\"Entdecken Sie das OE-kompatible Turbinengeh\u00e4use von TurboRail \u2013 robuste Turboladerteile f\u00fcr Qualit\u00e4t, Langlebigkeit und Leistung. Schneller EU-Versand und kompetenter Support verf\u00fcgbar.\" \/>\n<meta name=\"robots\" content=\"noindex, follow, max-snippet:-1, max-image-preview:large, max-video-preview:-1\" \/>\n<meta property=\"og:locale\" content=\"de_DE\" \/>\n<meta property=\"og:type\" content=\"article\" \/>\n<meta property=\"og:title\" content=\"Turbinengeh\u00e4use - Turbo Shop\" \/>\n<meta property=\"og:description\" content=\"Entdecken Sie das OE-kompatible Turbinengeh\u00e4use von TurboRail \u2013 robuste Turboladerteile f\u00fcr Qualit\u00e4t, Langlebigkeit und Leistung. Schneller EU-Versand und kompetenter Support verf\u00fcgbar.\" \/>\n<meta property=\"og:url\" content=\"https:\/\/www.turbo-shop.eu\/de\/turbinengehaeuse\/\" \/>\n<meta property=\"og:site_name\" content=\"Turbo Shop\" \/>\n<meta property=\"article:publisher\" content=\"https:\/\/www.facebook.com\/turborailofficial\/\" \/>\n<meta property=\"article:modified_time\" content=\"2026-04-16T10:39:18+00:00\" \/>\n<meta property=\"og:image\" content=\"https:\/\/www.turbo-shop.eu\/wp-content\/uploads\/2025\/12\/housing_1.png\" \/>\n<meta name=\"twitter:card\" content=\"summary_large_image\" \/>\n<meta name=\"twitter:label1\" content=\"Gesch\u00e4tzte Lesezeit\" \/>\n\t<meta name=\"twitter:data1\" content=\"2\u00a0Minuten\" \/>\n<script type=\"application\/ld+json\" class=\"yoast-schema-graph\">{\"@context\":\"https:\\\/\\\/schema.org\",\"@graph\":[{\"@type\":\"WebPage\",\"@id\":\"https:\\\/\\\/www.turbo-shop.eu\\\/de\\\/turbinengehaeuse\\\/\",\"url\":\"https:\\\/\\\/www.turbo-shop.eu\\\/de\\\/turbinengehaeuse\\\/\",\"name\":\"Turbinengeh\u00e4use - Turbo Shop\",\"isPartOf\":{\"@id\":\"https:\\\/\\\/www.turbo-shop.eu\\\/de\\\/#website\"},\"primaryImageOfPage\":{\"@id\":\"https:\\\/\\\/www.turbo-shop.eu\\\/de\\\/turbinengehaeuse\\\/#primaryimage\"},\"image\":{\"@id\":\"https:\\\/\\\/www.turbo-shop.eu\\\/de\\\/turbinengehaeuse\\\/#primaryimage\"},\"thumbnailUrl\":\"https:\\\/\\\/www.turbo-shop.eu\\\/wp-content\\\/uploads\\\/2025\\\/12\\\/housing_1.png\",\"datePublished\":\"2025-11-04T05:44:23+00:00\",\"dateModified\":\"2026-04-16T10:39:18+00:00\",\"description\":\"Entdecken Sie das OE-kompatible Turbinengeh\u00e4use von TurboRail \u2013 robuste Turboladerteile f\u00fcr Qualit\u00e4t, Langlebigkeit und Leistung. Schneller EU-Versand und kompetenter Support verf\u00fcgbar.\",\"breadcrumb\":{\"@id\":\"https:\\\/\\\/www.turbo-shop.eu\\\/de\\\/turbinengehaeuse\\\/#breadcrumb\"},\"inLanguage\":\"de\",\"potentialAction\":[{\"@type\":\"ReadAction\",\"target\":[\"https:\\\/\\\/www.turbo-shop.eu\\\/de\\\/turbinengehaeuse\\\/\"]}]},{\"@type\":\"ImageObject\",\"inLanguage\":\"de\",\"@id\":\"https:\\\/\\\/www.turbo-shop.eu\\\/de\\\/turbinengehaeuse\\\/#primaryimage\",\"url\":\"https:\\\/\\\/www.turbo-shop.eu\\\/wp-content\\\/uploads\\\/2025\\\/12\\\/housing_1.png\",\"contentUrl\":\"https:\\\/\\\/www.turbo-shop.eu\\\/wp-content\\\/uploads\\\/2025\\\/12\\\/housing_1.png\"},{\"@type\":\"BreadcrumbList\",\"@id\":\"https:\\\/\\\/www.turbo-shop.eu\\\/de\\\/turbinengehaeuse\\\/#breadcrumb\",\"itemListElement\":[{\"@type\":\"ListItem\",\"position\":1,\"name\":\"Home\",\"item\":\"https:\\\/\\\/www.turbo-shop.eu\\\/de\\\/\"},{\"@type\":\"ListItem\",\"position\":2,\"name\":\"Turbinengeh\u00e4use\"}]},{\"@type\":\"WebSite\",\"@id\":\"https:\\\/\\\/www.turbo-shop.eu\\\/de\\\/#website\",\"url\":\"https:\\\/\\\/www.turbo-shop.eu\\\/de\\\/\",\"name\":\"Turbo Shop\",\"description\":\"\",\"publisher\":{\"@id\":\"https:\\\/\\\/www.turbo-shop.eu\\\/de\\\/#organization\"},\"potentialAction\":[{\"@type\":\"SearchAction\",\"target\":{\"@type\":\"EntryPoint\",\"urlTemplate\":\"https:\\\/\\\/www.turbo-shop.eu\\\/de\\\/?s={search_term_string}\"},\"query-input\":{\"@type\":\"PropertyValueSpecification\",\"valueRequired\":true,\"valueName\":\"search_term_string\"}}],\"inLanguage\":\"de\"},{\"@type\":\"Organization\",\"@id\":\"https:\\\/\\\/www.turbo-shop.eu\\\/de\\\/#organization\",\"name\":\"Turbo Shop\",\"url\":\"https:\\\/\\\/www.turbo-shop.eu\\\/de\\\/\",\"logo\":{\"@type\":\"ImageObject\",\"inLanguage\":\"de\",\"@id\":\"https:\\\/\\\/www.turbo-shop.eu\\\/de\\\/#\\\/schema\\\/logo\\\/image\\\/\",\"url\":\"https:\\\/\\\/www.turbo-shop.eu\\\/wp-content\\\/uploads\\\/2025\\\/09\\\/turborail_logo.png\",\"contentUrl\":\"https:\\\/\\\/www.turbo-shop.eu\\\/wp-content\\\/uploads\\\/2025\\\/09\\\/turborail_logo.png\",\"width\":369,\"height\":53,\"caption\":\"Turbo Shop\"},\"image\":{\"@id\":\"https:\\\/\\\/www.turbo-shop.eu\\\/de\\\/#\\\/schema\\\/logo\\\/image\\\/\"},\"sameAs\":[\"https:\\\/\\\/www.facebook.com\\\/turborailofficial\\\/\"]}]}<\/script>\n<!-- \/ Yoast SEO plugin. -->","yoast_head_json":{"title":"Turbinengeh\u00e4use - Turbo Shop","description":"Entdecken Sie das OE-kompatible Turbinengeh\u00e4use von TurboRail \u2013 robuste Turboladerteile f\u00fcr Qualit\u00e4t, Langlebigkeit und Leistung. Schneller EU-Versand und kompetenter Support verf\u00fcgbar.","robots":{"index":"noindex","follow":"follow","max-snippet":"max-snippet:-1","max-image-preview":"max-image-preview:large","max-video-preview":"max-video-preview:-1"},"og_locale":"de_DE","og_type":"article","og_title":"Turbinengeh\u00e4use - Turbo Shop","og_description":"Entdecken Sie das OE-kompatible Turbinengeh\u00e4use von TurboRail \u2013 robuste Turboladerteile f\u00fcr Qualit\u00e4t, Langlebigkeit und Leistung. Schneller EU-Versand und kompetenter Support verf\u00fcgbar.","og_url":"https:\/\/www.turbo-shop.eu\/de\/turbinengehaeuse\/","og_site_name":"Turbo Shop","article_publisher":"https:\/\/www.facebook.com\/turborailofficial\/","article_modified_time":"2026-04-16T10:39:18+00:00","og_image":[{"url":"https:\/\/www.turbo-shop.eu\/wp-content\/uploads\/2025\/12\/housing_1.png","type":"","width":"","height":""}],"twitter_card":"summary_large_image","twitter_misc":{"Gesch\u00e4tzte Lesezeit":"2\u00a0Minuten"},"schema":{"@context":"https:\/\/schema.org","@graph":[{"@type":"WebPage","@id":"https:\/\/www.turbo-shop.eu\/de\/turbinengehaeuse\/","url":"https:\/\/www.turbo-shop.eu\/de\/turbinengehaeuse\/","name":"Turbinengeh\u00e4use - Turbo Shop","isPartOf":{"@id":"https:\/\/www.turbo-shop.eu\/de\/#website"},"primaryImageOfPage":{"@id":"https:\/\/www.turbo-shop.eu\/de\/turbinengehaeuse\/#primaryimage"},"image":{"@id":"https:\/\/www.turbo-shop.eu\/de\/turbinengehaeuse\/#primaryimage"},"thumbnailUrl":"https:\/\/www.turbo-shop.eu\/wp-content\/uploads\/2025\/12\/housing_1.png","datePublished":"2025-11-04T05:44:23+00:00","dateModified":"2026-04-16T10:39:18+00:00","description":"Entdecken Sie das OE-kompatible Turbinengeh\u00e4use von TurboRail \u2013 robuste Turboladerteile f\u00fcr Qualit\u00e4t, Langlebigkeit und Leistung. Schneller EU-Versand und kompetenter Support verf\u00fcgbar.","breadcrumb":{"@id":"https:\/\/www.turbo-shop.eu\/de\/turbinengehaeuse\/#breadcrumb"},"inLanguage":"de","potentialAction":[{"@type":"ReadAction","target":["https:\/\/www.turbo-shop.eu\/de\/turbinengehaeuse\/"]}]},{"@type":"ImageObject","inLanguage":"de","@id":"https:\/\/www.turbo-shop.eu\/de\/turbinengehaeuse\/#primaryimage","url":"https:\/\/www.turbo-shop.eu\/wp-content\/uploads\/2025\/12\/housing_1.png","contentUrl":"https:\/\/www.turbo-shop.eu\/wp-content\/uploads\/2025\/12\/housing_1.png"},{"@type":"BreadcrumbList","@id":"https:\/\/www.turbo-shop.eu\/de\/turbinengehaeuse\/#breadcrumb","itemListElement":[{"@type":"ListItem","position":1,"name":"Home","item":"https:\/\/www.turbo-shop.eu\/de\/"},{"@type":"ListItem","position":2,"name":"Turbinengeh\u00e4use"}]},{"@type":"WebSite","@id":"https:\/\/www.turbo-shop.eu\/de\/#website","url":"https:\/\/www.turbo-shop.eu\/de\/","name":"Turbo Shop","description":"","publisher":{"@id":"https:\/\/www.turbo-shop.eu\/de\/#organization"},"potentialAction":[{"@type":"SearchAction","target":{"@type":"EntryPoint","urlTemplate":"https:\/\/www.turbo-shop.eu\/de\/?s={search_term_string}"},"query-input":{"@type":"PropertyValueSpecification","valueRequired":true,"valueName":"search_term_string"}}],"inLanguage":"de"},{"@type":"Organization","@id":"https:\/\/www.turbo-shop.eu\/de\/#organization","name":"Turbo Shop","url":"https:\/\/www.turbo-shop.eu\/de\/","logo":{"@type":"ImageObject","inLanguage":"de","@id":"https:\/\/www.turbo-shop.eu\/de\/#\/schema\/logo\/image\/","url":"https:\/\/www.turbo-shop.eu\/wp-content\/uploads\/2025\/09\/turborail_logo.png","contentUrl":"https:\/\/www.turbo-shop.eu\/wp-content\/uploads\/2025\/09\/turborail_logo.png","width":369,"height":53,"caption":"Turbo Shop"},"image":{"@id":"https:\/\/www.turbo-shop.eu\/de\/#\/schema\/logo\/image\/"},"sameAs":["https:\/\/www.facebook.com\/turborailofficial\/"]}]}},"_links":{"self":[{"href":"https:\/\/www.turbo-shop.eu\/de\/wp-json\/wp\/v2\/pages\/70087","targetHints":{"allow":["GET"]}}],"collection":[{"href":"https:\/\/www.turbo-shop.eu\/de\/wp-json\/wp\/v2\/pages"}],"about":[{"href":"https:\/\/www.turbo-shop.eu\/de\/wp-json\/wp\/v2\/types\/page"}],"author":[{"embeddable":true,"href":"https:\/\/www.turbo-shop.eu\/de\/wp-json\/wp\/v2\/users\/2"}],"replies":[{"embeddable":true,"href":"https:\/\/www.turbo-shop.eu\/de\/wp-json\/wp\/v2\/comments?post=70087"}],"version-history":[{"count":1,"href":"https:\/\/www.turbo-shop.eu\/de\/wp-json\/wp\/v2\/pages\/70087\/revisions"}],"predecessor-version":[{"id":70088,"href":"https:\/\/www.turbo-shop.eu\/de\/wp-json\/wp\/v2\/pages\/70087\/revisions\/70088"}],"wp:attachment":[{"href":"https:\/\/www.turbo-shop.eu\/de\/wp-json\/wp\/v2\/media?parent=70087"}],"curies":[{"name":"wp","href":"https:\/\/api.w.org\/{rel}","templated":true}]}}