{"id":70079,"date":"2025-11-14T14:21:45","date_gmt":"2025-11-14T14:21:45","guid":{"rendered":"https:\/\/www.turbo-shop.eu\/versand-und-zahlung\/"},"modified":"2026-04-16T10:21:05","modified_gmt":"2026-04-16T10:21:05","slug":"versand-und-zahlung","status":"publish","type":"page","link":"https:\/\/www.turbo-shop.eu\/de\/versand-und-zahlung\/","title":{"rendered":"Versand und Zahlung"},"content":{"rendered":"\t\t<div data-elementor-type=\"wp-page\" data-elementor-id=\"70079\" class=\"elementor elementor-70079 elementor-29681\">\n\t\t\t\t<div class=\"wd-negative-gap elementor-element elementor-element-1e39a7c e-flex e-con-boxed e-con e-parent\" data-id=\"1e39a7c\" data-element_type=\"container\" data-e-type=\"container\">\n\t\t\t\t\t<div class=\"e-con-inner\">\n\t\t\t\t<div class=\"elementor-element elementor-element-9410285 elementor-widget elementor-widget-wd_text_block\" data-id=\"9410285\" data-element_type=\"widget\" data-e-type=\"widget\" data-widget_type=\"wd_text_block.default\">\n\t\t\t\t<div class=\"elementor-widget-container\">\n\t\t\t\t\t\t\t<div class=\"wd-text-block reset-last-child text-left\">\n\t\t\t\n\t\t\t<div class=\"page-head\"><p><strong>Versand<\/strong><\/p><p>Wir liefern in die meisten L\u00e4nder innerhalb der Europ\u00e4ischen Union. Der Versand erfolgt durch vertrauensw\u00fcrdige Kurierdienste, einschlie\u00dflich <strong>GLS<\/strong> und <strong>DHL<\/strong>. <\/p><ul><li>Voraussichtliche Lieferzeiten und Versandkosten werden w\u00e4hrend des Bezahlvorgangs angezeigt, bevor Sie Ihre Bestellung best\u00e4tigen.<\/li><li>F\u00fcr bestimmte Produkte oder Bestellungen ab einem bestimmten Betrag kann ein kostenloser Versand verf\u00fcgbar sein; dies wird auf der Produktseite und beim Checkout deutlich angegeben.<\/li><li>Bitte stellen Sie sicher, dass Ihre Lieferinformationen korrekt sind. F\u00fcr wiederholte Zustellversuche, die durch fehlerhafte oder unvollst\u00e4ndige Angaben verursacht werden, k\u00f6nnen zus\u00e4tzliche Kosten anfallen. <\/li><\/ul><p><strong>Zahlungsmethoden<\/strong><\/p><p>Wir akzeptieren die folgenden Zahlungsmethoden:<\/p><ul><li><strong>Kredit- \/ Debitkarten<\/strong> (Visa, Mastercard, American Express, Discover)<\/li><li><strong>PayPal<\/strong><\/li><li><strong>Google Pay<\/strong><\/li><li><strong>Direkte Bank\u00fcberweisung<\/strong><\/li><\/ul><p>Alle Karten- und Wallet-Zahlungen werden sicher \u00fcber <strong>PayPal <\/strong>und <strong>Google Pay<\/strong> abgewickelt, zwei der weltweit vertrauensw\u00fcrdigsten Zahlungsanbieter.<\/p><p><strong>Warum ist die Zahlung sicher?<\/strong><\/p><ul><li>Ihre Zahlungsdaten werden <strong>verschl\u00fcsselt und niemals auf unserer Website gespeichert<\/strong>.<\/li><li>Kartenzahlungen sind durch <strong>Sicherheitsprotokolle nach Industriestandard<\/strong> gesch\u00fctzt (einschlie\u00dflich SSL-Verschl\u00fcsselung und PCI-DSS-Konformit\u00e4t).<\/li><li>PayPal und Google Pay bieten <strong>fortschrittlichen Betrugsschutz und K\u00e4ufersicherheit<\/strong>.<\/li><li>Zus\u00e4tzliche Verifizierungen wie <strong>3D Secure, biometrische Authentifizierung oder Ger\u00e4te-Authentifizierung<\/strong> k\u00f6nnen automatisch angewendet werden.<\/li><\/ul><p>Dies stellt sicher, dass Ihre pers\u00f6nlichen Daten und Zahlungsinformationen w\u00e4hrend des gesamten Bestellvorgangs vollst\u00e4ndig gesch\u00fctzt bleiben.<\/p><p><strong>Wichtige Hinweise<\/strong><\/p><ul><li>Die Zahlung muss vor dem Versand Ihrer Bestellung abgeschlossen sein, sofern nicht anders vereinbart.<\/li><li>Bei Bestellungen per Bank\u00fcberweisung wird Ihre Bestellung bearbeitet, nachdem die Zahlung unserem Konto gutgeschrieben wurde.<\/li><li>Der Verk\u00e4ufer <strong>speichert Ihre Kartendaten nicht<\/strong>; alle Transaktionen werden sicher von den Zahlungsanbietern abgewickelt.<\/li><li>R\u00fcckerstattungen werden, sofern zutreffend, \u00fcber dieselbe Zahlungsmethode abgewickelt, sofern mit dem Verbraucher nichts anderes vereinbart wurde.<\/li><\/ul><\/div>\n\t\t\t\t\t<\/div>\n\t\t\t\t\t\t<\/div>\n\t\t\t\t<\/div>\n\t\t\t\t\t<\/div>\n\t\t\t\t<\/div>\n\t\t\t\t<\/div>\n\t\t","protected":false},"excerpt":{"rendered":"<p>Versand Wir liefern in die meisten L\u00e4nder innerhalb der Europ\u00e4ischen Union. Der Versand erfolgt durch vertrauensw\u00fcrdige Kurierdienste, einschlie\u00dflich GLS und<\/p>\n","protected":false},"author":2,"featured_media":0,"parent":0,"menu_order":0,"comment_status":"closed","ping_status":"closed","template":"","meta":{"_acf_changed":false,"footnotes":""},"class_list":["post-70079","page","type-page","status-publish","hentry"],"acf":[],"yoast_head":"<!-- This site is optimized with the Yoast SEO plugin v27.4 - https:\/\/yoast.com\/product\/yoast-seo-wordpress\/ -->\n<title>Versand und Zahlung - Turbo Shop<\/title>\n<meta name=\"robots\" content=\"noindex, follow, max-snippet:-1, max-image-preview:large, max-video-preview:-1\" \/>\n<meta property=\"og:locale\" content=\"de_DE\" \/>\n<meta property=\"og:type\" content=\"article\" \/>\n<meta property=\"og:title\" content=\"Versand und Zahlung - Turbo Shop\" \/>\n<meta property=\"og:description\" content=\"Versand Wir liefern in die meisten L\u00e4nder innerhalb der Europ\u00e4ischen Union. Der Versand erfolgt durch vertrauensw\u00fcrdige Kurierdienste, einschlie\u00dflich GLS und\" \/>\n<meta property=\"og:url\" content=\"https:\/\/www.turbo-shop.eu\/de\/versand-und-zahlung\/\" \/>\n<meta property=\"og:site_name\" content=\"Turbo Shop\" \/>\n<meta property=\"article:publisher\" content=\"https:\/\/www.facebook.com\/turborailofficial\/\" \/>\n<meta property=\"article:modified_time\" content=\"2026-04-16T10:21:05+00:00\" \/>\n<meta name=\"twitter:card\" content=\"summary_large_image\" \/>\n<meta name=\"twitter:label1\" content=\"Gesch\u00e4tzte Lesezeit\" \/>\n\t<meta name=\"twitter:data1\" content=\"1\u00a0Minute\" \/>\n<script type=\"application\/ld+json\" class=\"yoast-schema-graph\">{\"@context\":\"https:\\\/\\\/schema.org\",\"@graph\":[{\"@type\":\"WebPage\",\"@id\":\"https:\\\/\\\/www.turbo-shop.eu\\\/de\\\/versand-und-zahlung\\\/\",\"url\":\"https:\\\/\\\/www.turbo-shop.eu\\\/de\\\/versand-und-zahlung\\\/\",\"name\":\"Versand und Zahlung - Turbo Shop\",\"isPartOf\":{\"@id\":\"https:\\\/\\\/www.turbo-shop.eu\\\/de\\\/#website\"},\"datePublished\":\"2025-11-14T14:21:45+00:00\",\"dateModified\":\"2026-04-16T10:21:05+00:00\",\"breadcrumb\":{\"@id\":\"https:\\\/\\\/www.turbo-shop.eu\\\/de\\\/versand-und-zahlung\\\/#breadcrumb\"},\"inLanguage\":\"de\",\"potentialAction\":[{\"@type\":\"ReadAction\",\"target\":[\"https:\\\/\\\/www.turbo-shop.eu\\\/de\\\/versand-und-zahlung\\\/\"]}]},{\"@type\":\"BreadcrumbList\",\"@id\":\"https:\\\/\\\/www.turbo-shop.eu\\\/de\\\/versand-und-zahlung\\\/#breadcrumb\",\"itemListElement\":[{\"@type\":\"ListItem\",\"position\":1,\"name\":\"Home\",\"item\":\"https:\\\/\\\/www.turbo-shop.eu\\\/de\\\/\"},{\"@type\":\"ListItem\",\"position\":2,\"name\":\"Versand und Zahlung\"}]},{\"@type\":\"WebSite\",\"@id\":\"https:\\\/\\\/www.turbo-shop.eu\\\/de\\\/#website\",\"url\":\"https:\\\/\\\/www.turbo-shop.eu\\\/de\\\/\",\"name\":\"Turbo Shop\",\"description\":\"\",\"publisher\":{\"@id\":\"https:\\\/\\\/www.turbo-shop.eu\\\/de\\\/#organization\"},\"potentialAction\":[{\"@type\":\"SearchAction\",\"target\":{\"@type\":\"EntryPoint\",\"urlTemplate\":\"https:\\\/\\\/www.turbo-shop.eu\\\/de\\\/?s={search_term_string}\"},\"query-input\":{\"@type\":\"PropertyValueSpecification\",\"valueRequired\":true,\"valueName\":\"search_term_string\"}}],\"inLanguage\":\"de\"},{\"@type\":\"Organization\",\"@id\":\"https:\\\/\\\/www.turbo-shop.eu\\\/de\\\/#organization\",\"name\":\"Turbo Shop\",\"url\":\"https:\\\/\\\/www.turbo-shop.eu\\\/de\\\/\",\"logo\":{\"@type\":\"ImageObject\",\"inLanguage\":\"de\",\"@id\":\"https:\\\/\\\/www.turbo-shop.eu\\\/de\\\/#\\\/schema\\\/logo\\\/image\\\/\",\"url\":\"https:\\\/\\\/www.turbo-shop.eu\\\/wp-content\\\/uploads\\\/2025\\\/09\\\/turborail_logo.png\",\"contentUrl\":\"https:\\\/\\\/www.turbo-shop.eu\\\/wp-content\\\/uploads\\\/2025\\\/09\\\/turborail_logo.png\",\"width\":369,\"height\":53,\"caption\":\"Turbo Shop\"},\"image\":{\"@id\":\"https:\\\/\\\/www.turbo-shop.eu\\\/de\\\/#\\\/schema\\\/logo\\\/image\\\/\"},\"sameAs\":[\"https:\\\/\\\/www.facebook.com\\\/turborailofficial\\\/\"]}]}<\/script>\n<!-- \/ Yoast SEO plugin. -->","yoast_head_json":{"title":"Versand und Zahlung - Turbo Shop","robots":{"index":"noindex","follow":"follow","max-snippet":"max-snippet:-1","max-image-preview":"max-image-preview:large","max-video-preview":"max-video-preview:-1"},"og_locale":"de_DE","og_type":"article","og_title":"Versand und Zahlung - Turbo Shop","og_description":"Versand Wir liefern in die meisten L\u00e4nder innerhalb der Europ\u00e4ischen Union. Der Versand erfolgt durch vertrauensw\u00fcrdige Kurierdienste, einschlie\u00dflich GLS und","og_url":"https:\/\/www.turbo-shop.eu\/de\/versand-und-zahlung\/","og_site_name":"Turbo Shop","article_publisher":"https:\/\/www.facebook.com\/turborailofficial\/","article_modified_time":"2026-04-16T10:21:05+00:00","twitter_card":"summary_large_image","twitter_misc":{"Gesch\u00e4tzte Lesezeit":"1\u00a0Minute"},"schema":{"@context":"https:\/\/schema.org","@graph":[{"@type":"WebPage","@id":"https:\/\/www.turbo-shop.eu\/de\/versand-und-zahlung\/","url":"https:\/\/www.turbo-shop.eu\/de\/versand-und-zahlung\/","name":"Versand und Zahlung - Turbo Shop","isPartOf":{"@id":"https:\/\/www.turbo-shop.eu\/de\/#website"},"datePublished":"2025-11-14T14:21:45+00:00","dateModified":"2026-04-16T10:21:05+00:00","breadcrumb":{"@id":"https:\/\/www.turbo-shop.eu\/de\/versand-und-zahlung\/#breadcrumb"},"inLanguage":"de","potentialAction":[{"@type":"ReadAction","target":["https:\/\/www.turbo-shop.eu\/de\/versand-und-zahlung\/"]}]},{"@type":"BreadcrumbList","@id":"https:\/\/www.turbo-shop.eu\/de\/versand-und-zahlung\/#breadcrumb","itemListElement":[{"@type":"ListItem","position":1,"name":"Home","item":"https:\/\/www.turbo-shop.eu\/de\/"},{"@type":"ListItem","position":2,"name":"Versand und Zahlung"}]},{"@type":"WebSite","@id":"https:\/\/www.turbo-shop.eu\/de\/#website","url":"https:\/\/www.turbo-shop.eu\/de\/","name":"Turbo Shop","description":"","publisher":{"@id":"https:\/\/www.turbo-shop.eu\/de\/#organization"},"potentialAction":[{"@type":"SearchAction","target":{"@type":"EntryPoint","urlTemplate":"https:\/\/www.turbo-shop.eu\/de\/?s={search_term_string}"},"query-input":{"@type":"PropertyValueSpecification","valueRequired":true,"valueName":"search_term_string"}}],"inLanguage":"de"},{"@type":"Organization","@id":"https:\/\/www.turbo-shop.eu\/de\/#organization","name":"Turbo Shop","url":"https:\/\/www.turbo-shop.eu\/de\/","logo":{"@type":"ImageObject","inLanguage":"de","@id":"https:\/\/www.turbo-shop.eu\/de\/#\/schema\/logo\/image\/","url":"https:\/\/www.turbo-shop.eu\/wp-content\/uploads\/2025\/09\/turborail_logo.png","contentUrl":"https:\/\/www.turbo-shop.eu\/wp-content\/uploads\/2025\/09\/turborail_logo.png","width":369,"height":53,"caption":"Turbo Shop"},"image":{"@id":"https:\/\/www.turbo-shop.eu\/de\/#\/schema\/logo\/image\/"},"sameAs":["https:\/\/www.facebook.com\/turborailofficial\/"]}]}},"_links":{"self":[{"href":"https:\/\/www.turbo-shop.eu\/de\/wp-json\/wp\/v2\/pages\/70079","targetHints":{"allow":["GET"]}}],"collection":[{"href":"https:\/\/www.turbo-shop.eu\/de\/wp-json\/wp\/v2\/pages"}],"about":[{"href":"https:\/\/www.turbo-shop.eu\/de\/wp-json\/wp\/v2\/types\/page"}],"author":[{"embeddable":true,"href":"https:\/\/www.turbo-shop.eu\/de\/wp-json\/wp\/v2\/users\/2"}],"replies":[{"embeddable":true,"href":"https:\/\/www.turbo-shop.eu\/de\/wp-json\/wp\/v2\/comments?post=70079"}],"version-history":[{"count":1,"href":"https:\/\/www.turbo-shop.eu\/de\/wp-json\/wp\/v2\/pages\/70079\/revisions"}],"predecessor-version":[{"id":70080,"href":"https:\/\/www.turbo-shop.eu\/de\/wp-json\/wp\/v2\/pages\/70079\/revisions\/70080"}],"wp:attachment":[{"href":"https:\/\/www.turbo-shop.eu\/de\/wp-json\/wp\/v2\/media?parent=70079"}],"curies":[{"name":"wp","href":"https:\/\/api.w.org\/{rel}","templated":true}]}}