{"id":70072,"date":"2025-07-14T14:36:02","date_gmt":"2025-07-14T14:36:02","guid":{"rendered":"https:\/\/www.turbo-shop.eu\/datenschutzerklaerung\/"},"modified":"2026-04-16T10:15:22","modified_gmt":"2026-04-16T10:15:22","slug":"datenschutzerklaerung","status":"publish","type":"page","link":"https:\/\/www.turbo-shop.eu\/de\/datenschutzerklaerung\/","title":{"rendered":"Datenschutzerkl\u00e4rung"},"content":{"rendered":"\t\t<div data-elementor-type=\"wp-page\" data-elementor-id=\"70072\" class=\"elementor elementor-70072 elementor-3\">\n\t\t\t\t<div class=\"wd-negative-gap elementor-element elementor-element-432f61f7 e-flex e-con-boxed e-con e-parent\" data-id=\"432f61f7\" data-element_type=\"container\" data-e-type=\"container\">\n\t\t\t\t\t<div class=\"e-con-inner\">\n\t\t\t\t<div class=\"elementor-element elementor-element-72e0e865 color-scheme-inherit text-left elementor-widget elementor-widget-text-editor\" data-id=\"72e0e865\" data-element_type=\"widget\" data-e-type=\"widget\" data-widget_type=\"text-editor.default\">\n\t\t\t\t\t\t\t\t\t\n<p><strong>Datenschutzerkl\u00e4rung \/ DSGVO<\/strong><\/p>\n<p><strong>G\u00fcltig ab:<\/strong> 27. Januar 2026<\/p>\n<p><strong>Turborail Kft.<\/strong><br>Eingetragener Sitz: 1203 Budapest, T\u00f6r\u00f6k Fl\u00f3ris str. 19. fszt\/2., Ungarn<br>Handelsregisternummer: 01 09 178980<br>Umsatzsteuer-Identifikationsnummer: HU24723121<br>Website: <a href=\"http:\/\/www.turbo-shop.eu\/de\/\">www.turbo-shop.eu<\/a><br>E-Mail: info@turbo-shop.eu<\/p>\n<ol>\n<li><strong>  Einleitung<\/strong><\/li>\n<\/ol>\n<p>Turborail Kft. (\u201ewir\u201c, \u201euns\u201c, \u201eunser\u201c) respektiert Ihre Privatsph\u00e4re und setzt sich f\u00fcr den Schutz Ihrer personenbezogenen Daten ein. Diese Datenschutzerkl\u00e4rung erl\u00e4utert, wie wir personenbezogene Daten erheben, verwenden, speichern und weitergeben, wenn Sie unsere Website und Dienste nutzen, in \u00dcbereinstimmung mit der EU-Datenschutz-Grundverordnung (DSGVO).  <\/p>\n<p>Wir haben keinen dedizierten Datenschutzbeauftragten (DSB). F\u00fcr alle datenschutzbezogenen Anfragen kontaktieren Sie uns bitte unter <strong>info@turbo-shop.eu<\/strong>. <\/p>\n<ol start=\"2\">\n<li><strong>  Erhobene personenbezogene Daten<\/strong><\/li>\n<\/ol>\n<p>Wir erheben nur personenbezogene Daten, die f\u00fcr die Bearbeitung von Bestellungen, die Ausstellung von Rechnungen und die Lieferung von Produkten unbedingt erforderlich sind.<\/p>\n<p><strong>Bestell- und Versandinformationen:<\/strong><\/p>\n<ul>\n<li>Name<\/li>\n<li>Rechnungsadresse<\/li>\n<li>Lieferadresse<\/li>\n<li>E-Mail-Adresse<\/li>\n<li>Telefonnummer<\/li>\n<\/ul>\n<p><strong>Zahlungsinformationen:<\/strong><\/p>\n<p>Zahlungsdaten (Kredit-\/Debitkarte, PayPal, Google Pay oder Bank\u00fcberweisung) werden ausschlie\u00dflich durch den ausgew\u00e4hlten Zahlungsdienstleister verarbeitet.<br><strong>Wir speichern keine Zahlungskartendaten und haben keinen Zugriff darauf.<\/strong><\/p>\n<p><strong>Website- und technische Daten:<\/strong><\/p>\n<ul>\n<li>Die Cookie-Einwilligung wird \u00fcber <strong>CookieYes<\/strong> verwaltet<\/li>\n<li>Analyse- und Marketing-Cookies k\u00f6nnen verwendet werden von:\n<ul>\n<li>Google Analytics<\/li>\n<li>Google Ads<\/li>\n<li>Meta \/ Facebook Pixel<\/li>\n<\/ul>\n<\/li>\n<\/ul>\n<p>Wir speichern oder verarbeiten keine IP-Adressen, Browser-Fingerprints oder Sitzungskennungen direkt.<br>IP-Adressen k\u00f6nnen von Drittanbietern von Analysediensten in \u00dcbereinstimmung mit deren eigenen Datenschutzrichtlinien <strong>vor\u00fcbergehend in anonymisierter Form verarbeitet<\/strong> werden.<\/p>\n<p>Die Aufbewahrungsdauer von Analyse- und Cookie-Daten wird von den jeweiligen Dienstanbietern festgelegt (im Allgemeinen bis zu <strong>13 Monate<\/strong>).<\/p>\n<p>Wir erheben keine Newsletter-Abonnements oder Einwilligungen f\u00fcr Direktmarketing.<\/p>\n<ol start=\"3\">\n<li><strong>  Wie wir Ihre personenbezogenen Daten verwenden<\/strong><\/li>\n<\/ol>\n<p>Wir verwenden personenbezogene Daten ausschlie\u00dflich f\u00fcr die folgenden Zwecke:<\/p>\n<ul>\n<li>Bestellabwicklung, Rechnungsstellung und Produktlieferung<\/li>\n<li>Erf\u00fcllung gesetzlicher Verpflichtungen (Rechnungswesen, Steuern, Buchhaltung)<\/li>\n<li>Website-Analyse und Messung der Werbeperformance<\/li>\n<li>Remarketing und Anzeige relevanter Werbung \u00fcber Drittplattformen<\/li>\n<\/ul>\n<p>Personenbezogene Daten werden <strong>nicht f\u00fcr andere Zwecke verwendet<\/strong>.<\/p>\n<ol start=\"4\">\n<li><strong>  Dienste von Drittanbietern<\/strong><\/li>\n<\/ol>\n<p>Wir d\u00fcrfen personenbezogene Daten an vertrauensw\u00fcrdige Dritte nur in dem f\u00fcr die Leistungserbringung erforderlichen Umfang weitergeben:<\/p>\n<ul>\n<li><strong>Zahlungsdienstleister:<\/strong> PayPal, Google Pay<\/li>\n<li><strong>Versanddienstleister:<\/strong> GLS, DHL<\/li>\n<li><strong>Website-Hosting:<\/strong> Naxonet Bt. (<a href=\"https:\/\/www.naxonet.eu\/hu\/kapcsolat\/\">https:\/\/www.naxonet.eu\/hu\/kapcsolat\/<\/a>)<\/li>\n<li><strong>Analyse und Werbung:<\/strong> Google Analytics, Google Ads, Meta \/ Facebook Pixel<\/li>\n<\/ul>\n<p>Diese Dritten handeln als unabh\u00e4ngige Verantwortliche oder Auftragsverarbeiter und sind f\u00fcr ihre eigene DSGVO-Konformit\u00e4t verantwortlich.<\/p>\n<p>Einige Dienste (z. B. Google oder Meta) k\u00f6nnen eine Datenverarbeitung au\u00dferhalb der Europ\u00e4ischen Union beinhalten. In solchen F\u00e4llen werden Datentransfers durch <strong>Standardvertragsklauseln (SCCs)<\/strong> oder gleichwertige rechtliche Mechanismen abgesichert. <\/p>\n<ol start=\"5\">\n<li><strong>  Rechtsgrundlage f\u00fcr die Datenverarbeitung<\/strong><\/li>\n<\/ol>\n<p>Personenbezogene Daten werden auf Basis der folgenden Rechtsgrundlagen verarbeitet:<\/p>\n<ul>\n<li><strong>Vertragliche Notwendigkeit:<\/strong> Verarbeitung, die zur Erf\u00fcllung von Kundenbestellungen erforderlich ist<\/li>\n<li><strong>Rechtliche Verpflichtung:<\/strong> Verarbeitung, die durch Rechnungslegungs- und Steuergesetze vorgeschrieben ist<\/li>\n<li><strong>Einwilligung:<\/strong>\n<ul>\n<li>Analyse- und Marketing-Cookies werden auf Grundlage der vom Nutzer \u00fcber das Cookie-Banner erteilten Einwilligung verarbeitet<\/li>\n<\/ul>\n<\/li>\n<\/ul>\n<ol start=\"6\">\n<li><strong>  Datenspeicherung<\/strong><\/li>\n<\/ol>\n<ul>\n<li><strong>Bestell- und Rechnungsdaten:<\/strong> werden in \u00dcbereinstimmung mit ungarischem Recht aufbewahrt (bis zu <strong>8 Jahre<\/strong>)<\/li>\n<li><strong>Zahlungsdaten:<\/strong> werden von uns nicht gespeichert<\/li>\n<li><strong>Analyse- und Cookie-Daten:<\/strong> werden gem\u00e4\u00df den Richtlinien der Drittanbieter aufbewahrt (maximal <strong>13 Monate<\/strong>)<\/li>\n<\/ul>\n<ol start=\"7\">\n<li><strong>  Ihre Rechte<\/strong><\/li>\n<\/ol>\n<p>Gem\u00e4\u00df DSGVO haben Sie die folgenden Rechte in Bezug auf Ihre personenbezogenen Daten:<\/p>\n<ul>\n<li>Recht auf Auskunft<\/li>\n<li>Recht auf Berichtigung<\/li>\n<li>Recht auf L\u00f6schung (sofern gesetzlich zul\u00e4ssig)<\/li>\n<li>Recht auf Einschr\u00e4nkung der Verarbeitung<\/li>\n<li>Recht auf Widerspruch gegen die Verarbeitung<\/li>\n<li>Recht auf Daten\u00fcbertragbarkeit<\/li>\n<\/ul>\n<p>Anfragen k\u00f6nnen \u00fcber <strong>info@turbo-shop.eu<\/strong> eingereicht werden.<br>Wir beantworten alle Datenschutzanfragen <strong>innerhalb von 30 Tagen<\/strong> gem\u00e4\u00df den Anforderungen der DSGVO.<\/p>\n<ol start=\"8\">\n<li><strong>  Sicherheitsma\u00dfnahmen<\/strong><\/li>\n<\/ol>\n<p>Wir wenden angemessene technische und organisatorische Ma\u00dfnahmen an, um personenbezogene Daten zu sch\u00fctzen, einschlie\u00dflich:<\/p>\n<ul>\n<li>SSL- \/ HTTPS-Verschl\u00fcsselung<\/li>\n<li>Eingeschr\u00e4nkter Zugriff auf Kunden- und Bestelldaten<\/li>\n<li>Sichere Zahlungsabwicklung, die vollst\u00e4ndig von Zahlungsdienstleistern \u00fcbernommen wird<\/li>\n<li>Sicherheit der Hosting-Infrastruktur durch Naxonet Bt.<\/li>\n<\/ul>\n<p>Trotz aller angemessenen Sicherheitsvorkehrungen kann kein System absolute Sicherheit garantieren.<\/p>\n<ol start=\"9\">\n<li><strong>  Cookies und Tracking<\/strong><\/li>\n<\/ol>\n<p>Cookies werden verwendet, um den ordnungsgem\u00e4\u00dfen Betrieb der Website zu gew\u00e4hrleisten und die Website-Performance zu analysieren.<\/p>\n<ul>\n<li>Die Cookie-Einwilligung wird \u00fcber <strong>CookieYes<\/strong> verwaltet<\/li>\n<li>Cookies von Drittanbietern k\u00f6nnen gesetzt werden von:\n<ul>\n<li>Google Analytics<\/li>\n<li>Google Ads<\/li>\n<li>Meta \/ Facebook Pixel<\/li>\n<\/ul>\n<\/li>\n<\/ul>\n<p>Cookies werden ausschlie\u00dflich f\u00fcr Analyse-, Leistungsmessungs- und Remarketing-Zwecke verwendet.<br>Nutzer k\u00f6nnen ihre Einwilligung jederzeit \u00fcber das Cookie-Banner verwalten oder widerrufen.<\/p>\n<p>Wir speichern keine IP-Adressen oder Browser-Fingerprints direkt.<\/p>\n<ol start=\"10\">\n<li><strong>  \u00c4nderungen an dieser Datenschutzerkl\u00e4rung<\/strong><\/li>\n<\/ol>\n<p>Diese Datenschutzerkl\u00e4rung kann aktualisiert werden, um \u00c4nderungen der gesetzlichen Anforderungen oder Gesch\u00e4ftspraktiken widerzuspiegeln.<\/p>\n<ul>\n<li>Das aktuelle G\u00fcltigkeitsdatum wird oben auf dieser Seite angezeigt<\/li>\n<li>Nutzer werden gebeten, die Richtlinie regelm\u00e4\u00dfig zu \u00fcberpr\u00fcfen<\/li>\n<\/ul>\n<ol start=\"11\">\n<li><strong>  Kontaktinformationen<\/strong><\/li>\n<\/ol>\n<p>F\u00fcr datenschutzbezogene Anfragen, Auskunftsersuchen oder Beschwerden:<\/p>\n<p><strong>E-Mail:<\/strong> info@turbo-shop.eu<br><strong>Postanschrift:<\/strong><br>Turborail Kft.<br>1203 Budapest, T\u00f6r\u00f6k Fl\u00f3ris str. 19. fszt\/2., Ungarn<\/p>\n<p>Sie k\u00f6nnen sich auch an Ihre nationale Datenschutzbeh\u00f6rde wenden, wenn Sie glauben, dass Ihre Rechte verletzt wurden.<\/p>\n<p> <\/p>\t\t\t\t\t\t\t\t<\/div>\n\t\t\t\t\t<\/div>\n\t\t\t\t<\/div>\n\t\t\t\t<\/div>\n\t\t","protected":false},"excerpt":{"rendered":"<p>Datenschutzerkl\u00e4rung \/ DSGVO G\u00fcltig ab: 27. Januar 2026 Turborail Kft.Eingetragener Sitz: 1203 Budapest, T\u00f6r\u00f6k Fl\u00f3ris str. 19. fszt\/2., UngarnHandelsregisternummer: 01<\/p>\n","protected":false},"author":1,"featured_media":0,"parent":0,"menu_order":0,"comment_status":"closed","ping_status":"open","template":"","meta":{"_acf_changed":false,"footnotes":""},"class_list":["post-70072","page","type-page","status-publish","hentry"],"acf":[],"yoast_head":"<!-- This site is optimized with the Yoast SEO plugin v27.4 - https:\/\/yoast.com\/product\/yoast-seo-wordpress\/ -->\n<title>Datenschutzerkl\u00e4rung - Turbo Shop<\/title>\n<meta name=\"robots\" content=\"noindex, follow, max-snippet:-1, max-image-preview:large, max-video-preview:-1\" \/>\n<meta property=\"og:locale\" content=\"de_DE\" \/>\n<meta property=\"og:type\" content=\"article\" \/>\n<meta property=\"og:title\" content=\"Datenschutzerkl\u00e4rung - Turbo Shop\" \/>\n<meta property=\"og:description\" content=\"Datenschutzerkl\u00e4rung \/ DSGVO G\u00fcltig ab: 27. Januar 2026 Turborail Kft.Eingetragener Sitz: 1203 Budapest, T\u00f6r\u00f6k Fl\u00f3ris str. 19. fszt\/2., UngarnHandelsregisternummer: 01\" \/>\n<meta property=\"og:url\" content=\"https:\/\/www.turbo-shop.eu\/de\/datenschutzerklaerung\/\" \/>\n<meta property=\"og:site_name\" content=\"Turbo Shop\" \/>\n<meta property=\"article:publisher\" content=\"https:\/\/www.facebook.com\/turborailofficial\/\" \/>\n<meta property=\"article:modified_time\" content=\"2026-04-16T10:15:22+00:00\" \/>\n<meta name=\"twitter:card\" content=\"summary_large_image\" \/>\n<meta name=\"twitter:label1\" content=\"Gesch\u00e4tzte Lesezeit\" \/>\n\t<meta name=\"twitter:data1\" content=\"4\u00a0Minuten\" \/>\n<script type=\"application\/ld+json\" class=\"yoast-schema-graph\">{\"@context\":\"https:\\\/\\\/schema.org\",\"@graph\":[{\"@type\":\"WebPage\",\"@id\":\"https:\\\/\\\/www.turbo-shop.eu\\\/de\\\/datenschutzerklaerung\\\/\",\"url\":\"https:\\\/\\\/www.turbo-shop.eu\\\/de\\\/datenschutzerklaerung\\\/\",\"name\":\"Datenschutzerkl\u00e4rung - Turbo Shop\",\"isPartOf\":{\"@id\":\"https:\\\/\\\/www.turbo-shop.eu\\\/de\\\/#website\"},\"datePublished\":\"2025-07-14T14:36:02+00:00\",\"dateModified\":\"2026-04-16T10:15:22+00:00\",\"breadcrumb\":{\"@id\":\"https:\\\/\\\/www.turbo-shop.eu\\\/de\\\/datenschutzerklaerung\\\/#breadcrumb\"},\"inLanguage\":\"de\",\"potentialAction\":[{\"@type\":\"ReadAction\",\"target\":[\"https:\\\/\\\/www.turbo-shop.eu\\\/de\\\/datenschutzerklaerung\\\/\"]}]},{\"@type\":\"BreadcrumbList\",\"@id\":\"https:\\\/\\\/www.turbo-shop.eu\\\/de\\\/datenschutzerklaerung\\\/#breadcrumb\",\"itemListElement\":[{\"@type\":\"ListItem\",\"position\":1,\"name\":\"Home\",\"item\":\"https:\\\/\\\/www.turbo-shop.eu\\\/de\\\/\"},{\"@type\":\"ListItem\",\"position\":2,\"name\":\"Datenschutzerkl\u00e4rung\"}]},{\"@type\":\"WebSite\",\"@id\":\"https:\\\/\\\/www.turbo-shop.eu\\\/de\\\/#website\",\"url\":\"https:\\\/\\\/www.turbo-shop.eu\\\/de\\\/\",\"name\":\"Turbo Shop\",\"description\":\"\",\"publisher\":{\"@id\":\"https:\\\/\\\/www.turbo-shop.eu\\\/de\\\/#organization\"},\"potentialAction\":[{\"@type\":\"SearchAction\",\"target\":{\"@type\":\"EntryPoint\",\"urlTemplate\":\"https:\\\/\\\/www.turbo-shop.eu\\\/de\\\/?s={search_term_string}\"},\"query-input\":{\"@type\":\"PropertyValueSpecification\",\"valueRequired\":true,\"valueName\":\"search_term_string\"}}],\"inLanguage\":\"de\"},{\"@type\":\"Organization\",\"@id\":\"https:\\\/\\\/www.turbo-shop.eu\\\/de\\\/#organization\",\"name\":\"Turbo Shop\",\"url\":\"https:\\\/\\\/www.turbo-shop.eu\\\/de\\\/\",\"logo\":{\"@type\":\"ImageObject\",\"inLanguage\":\"de\",\"@id\":\"https:\\\/\\\/www.turbo-shop.eu\\\/de\\\/#\\\/schema\\\/logo\\\/image\\\/\",\"url\":\"https:\\\/\\\/www.turbo-shop.eu\\\/wp-content\\\/uploads\\\/2025\\\/09\\\/turborail_logo.png\",\"contentUrl\":\"https:\\\/\\\/www.turbo-shop.eu\\\/wp-content\\\/uploads\\\/2025\\\/09\\\/turborail_logo.png\",\"width\":369,\"height\":53,\"caption\":\"Turbo Shop\"},\"image\":{\"@id\":\"https:\\\/\\\/www.turbo-shop.eu\\\/de\\\/#\\\/schema\\\/logo\\\/image\\\/\"},\"sameAs\":[\"https:\\\/\\\/www.facebook.com\\\/turborailofficial\\\/\"]}]}<\/script>\n<!-- \/ Yoast SEO plugin. -->","yoast_head_json":{"title":"Datenschutzerkl\u00e4rung - Turbo Shop","robots":{"index":"noindex","follow":"follow","max-snippet":"max-snippet:-1","max-image-preview":"max-image-preview:large","max-video-preview":"max-video-preview:-1"},"og_locale":"de_DE","og_type":"article","og_title":"Datenschutzerkl\u00e4rung - Turbo Shop","og_description":"Datenschutzerkl\u00e4rung \/ DSGVO G\u00fcltig ab: 27. Januar 2026 Turborail Kft.Eingetragener Sitz: 1203 Budapest, T\u00f6r\u00f6k Fl\u00f3ris str. 19. fszt\/2., UngarnHandelsregisternummer: 01","og_url":"https:\/\/www.turbo-shop.eu\/de\/datenschutzerklaerung\/","og_site_name":"Turbo Shop","article_publisher":"https:\/\/www.facebook.com\/turborailofficial\/","article_modified_time":"2026-04-16T10:15:22+00:00","twitter_card":"summary_large_image","twitter_misc":{"Gesch\u00e4tzte Lesezeit":"4\u00a0Minuten"},"schema":{"@context":"https:\/\/schema.org","@graph":[{"@type":"WebPage","@id":"https:\/\/www.turbo-shop.eu\/de\/datenschutzerklaerung\/","url":"https:\/\/www.turbo-shop.eu\/de\/datenschutzerklaerung\/","name":"Datenschutzerkl\u00e4rung - Turbo Shop","isPartOf":{"@id":"https:\/\/www.turbo-shop.eu\/de\/#website"},"datePublished":"2025-07-14T14:36:02+00:00","dateModified":"2026-04-16T10:15:22+00:00","breadcrumb":{"@id":"https:\/\/www.turbo-shop.eu\/de\/datenschutzerklaerung\/#breadcrumb"},"inLanguage":"de","potentialAction":[{"@type":"ReadAction","target":["https:\/\/www.turbo-shop.eu\/de\/datenschutzerklaerung\/"]}]},{"@type":"BreadcrumbList","@id":"https:\/\/www.turbo-shop.eu\/de\/datenschutzerklaerung\/#breadcrumb","itemListElement":[{"@type":"ListItem","position":1,"name":"Home","item":"https:\/\/www.turbo-shop.eu\/de\/"},{"@type":"ListItem","position":2,"name":"Datenschutzerkl\u00e4rung"}]},{"@type":"WebSite","@id":"https:\/\/www.turbo-shop.eu\/de\/#website","url":"https:\/\/www.turbo-shop.eu\/de\/","name":"Turbo Shop","description":"","publisher":{"@id":"https:\/\/www.turbo-shop.eu\/de\/#organization"},"potentialAction":[{"@type":"SearchAction","target":{"@type":"EntryPoint","urlTemplate":"https:\/\/www.turbo-shop.eu\/de\/?s={search_term_string}"},"query-input":{"@type":"PropertyValueSpecification","valueRequired":true,"valueName":"search_term_string"}}],"inLanguage":"de"},{"@type":"Organization","@id":"https:\/\/www.turbo-shop.eu\/de\/#organization","name":"Turbo Shop","url":"https:\/\/www.turbo-shop.eu\/de\/","logo":{"@type":"ImageObject","inLanguage":"de","@id":"https:\/\/www.turbo-shop.eu\/de\/#\/schema\/logo\/image\/","url":"https:\/\/www.turbo-shop.eu\/wp-content\/uploads\/2025\/09\/turborail_logo.png","contentUrl":"https:\/\/www.turbo-shop.eu\/wp-content\/uploads\/2025\/09\/turborail_logo.png","width":369,"height":53,"caption":"Turbo Shop"},"image":{"@id":"https:\/\/www.turbo-shop.eu\/de\/#\/schema\/logo\/image\/"},"sameAs":["https:\/\/www.facebook.com\/turborailofficial\/"]}]}},"_links":{"self":[{"href":"https:\/\/www.turbo-shop.eu\/de\/wp-json\/wp\/v2\/pages\/70072","targetHints":{"allow":["GET"]}}],"collection":[{"href":"https:\/\/www.turbo-shop.eu\/de\/wp-json\/wp\/v2\/pages"}],"about":[{"href":"https:\/\/www.turbo-shop.eu\/de\/wp-json\/wp\/v2\/types\/page"}],"author":[{"embeddable":true,"href":"https:\/\/www.turbo-shop.eu\/de\/wp-json\/wp\/v2\/users\/1"}],"replies":[{"embeddable":true,"href":"https:\/\/www.turbo-shop.eu\/de\/wp-json\/wp\/v2\/comments?post=70072"}],"version-history":[{"count":3,"href":"https:\/\/www.turbo-shop.eu\/de\/wp-json\/wp\/v2\/pages\/70072\/revisions"}],"predecessor-version":[{"id":70075,"href":"https:\/\/www.turbo-shop.eu\/de\/wp-json\/wp\/v2\/pages\/70072\/revisions\/70075"}],"wp:attachment":[{"href":"https:\/\/www.turbo-shop.eu\/de\/wp-json\/wp\/v2\/media?parent=70072"}],"curies":[{"name":"wp","href":"https:\/\/api.w.org\/{rel}","templated":true}]}}