{"id":70063,"date":"2025-07-14T14:36:02","date_gmt":"2025-07-14T14:36:02","guid":{"rendered":"https:\/\/www.turbo-shop.eu\/rumpfgruppe\/"},"modified":"2026-04-16T10:04:34","modified_gmt":"2026-04-16T10:04:34","slug":"rumpfgruppe","status":"publish","type":"page","link":"https:\/\/www.turbo-shop.eu\/de\/rumpfgruppe\/","title":{"rendered":"Rumpfgruppe"},"content":{"rendered":"\t\t<div data-elementor-type=\"wp-page\" data-elementor-id=\"70063\" class=\"elementor elementor-70063 elementor-2\">\n\t\t\t\t<div class=\"wd-negative-gap elementor-element elementor-element-1fef34f e-flex e-con-boxed e-con e-parent\" data-id=\"1fef34f\" data-element_type=\"container\" data-e-type=\"container\">\n\t\t\t\t\t<div class=\"e-con-inner\">\n\t\t<div class=\"elementor-element elementor-element-41d52bf e-con-full e-flex e-con e-child\" data-id=\"41d52bf\" data-element_type=\"container\" data-e-type=\"container\">\n\t\t<div class=\"elementor-element elementor-element-6a95371 e-con-full e-flex e-con e-child\" data-id=\"6a95371\" data-element_type=\"container\" data-e-type=\"container\">\n\t\t\t\t<div class=\"elementor-element elementor-element-9abf976 elementor-widget elementor-widget-wd_image_or_svg\" data-id=\"9abf976\" data-element_type=\"widget\" data-e-type=\"widget\" data-widget_type=\"wd_image_or_svg.default\">\n\t\t\t\t<div class=\"elementor-widget-container\">\n\t\t\t\t\t\n\t\t<div class=\"wd-image text-left\">\n\t\t\t\t\t\t\t\t<img fetchpriority=\"high\" decoding=\"async\" width=\"809\" height=\"807\" src=\"https:\/\/www.turbo-shop.eu\/wp-content\/uploads\/2025\/10\/turborail_about_us.jpg\" class=\"attachment-full size-full\" alt=\"\" srcset=\"https:\/\/www.turbo-shop.eu\/wp-content\/uploads\/2025\/10\/turborail_about_us.jpg 809w, https:\/\/www.turbo-shop.eu\/wp-content\/uploads\/2025\/10\/turborail_about_us-301x300.jpg 301w, https:\/\/www.turbo-shop.eu\/wp-content\/uploads\/2025\/10\/turborail_about_us-802x800.jpg 802w, https:\/\/www.turbo-shop.eu\/wp-content\/uploads\/2025\/10\/turborail_about_us-150x150.jpg 150w, https:\/\/www.turbo-shop.eu\/wp-content\/uploads\/2025\/10\/turborail_about_us-768x766.jpg 768w, https:\/\/www.turbo-shop.eu\/wp-content\/uploads\/2025\/10\/turborail_about_us-12x12.jpg 12w, https:\/\/www.turbo-shop.eu\/wp-content\/uploads\/2025\/10\/turborail_about_us-430x429.jpg 430w, https:\/\/www.turbo-shop.eu\/wp-content\/uploads\/2025\/10\/turborail_about_us-700x698.jpg 700w\" sizes=\"(max-width: 809px) 100vw, 809px\" \/>\t\t\t\t\t<\/div>\n\n\t\t\t\t\t\t<\/div>\n\t\t\t\t<\/div>\n\t\t\t\t<\/div>\n\t\t<div class=\"elementor-element elementor-element-577deb4 e-con-full e-flex e-con e-child\" data-id=\"577deb4\" data-element_type=\"container\" data-e-type=\"container\">\n\t\t\t\t<div class=\"elementor-element elementor-element-ba057ce wd-width-100 elementor-widget elementor-widget-wd_title\" data-id=\"ba057ce\" data-element_type=\"widget\" data-e-type=\"widget\" data-widget_type=\"wd_title.default\">\n\t\t\t\t<div class=\"elementor-widget-container\">\n\t\t\t\t\t\t\t<div class=\"title-wrapper wd-set-mb reset-last-child wd-title-color-primary wd-title-style-default wd-title-size-large text-left\">\n\n\t\t\t\t\t\t\t\t\t\t\t<div class=\"title-subtitle subtitle-color-primary subtitle-style-default wd-fontsize-xs\">\n\t\t\t\t\tDAS HERZ IHRES TURBOLADERS\t\t\t\t<\/div>\n\t\t\t\n\t\t\t<div class=\"liner-continer\">\n\t\t\t\t<h2 class=\"woodmart-title-container title wd-fontsize-xxl\">Turborail Rumpfgruppen<\/h2> \n\t\t\t\t\t\t\t<\/div>\n\n\t\t\t\t\t\t\t<div class=\"title-after_title reset-last-child wd-fontsize-s\">\n\t\t\t\t\t<p>Die Zuverl\u00e4ssigkeit und Effizienz eines Turboladers h\u00e4ngen vollst\u00e4ndig von der Qualit\u00e4t seiner inneren rotierenden Baugruppe ab. Bei Turborail sind wir auf hochwertige Rumpfgruppen (CHRA) spezialisiert, die als perfekter Ersatz f\u00fcr Ihre verschlissene oder besch\u00e4digte Einheit dienen. Als europ\u00e4ische Marke mit EU-basiertem Hauptsitz setzen wir uns daf\u00fcr ein, Komponenten in Profiqualit\u00e4t zu liefern, die den hohen Erwartungen des modernen Automobilmarktes entsprechen.  <\/p><p>Unser Fokus liegt auf Pr\u00e4zision und Langlebigkeit. Wir wissen, dass ein Turbolader unter extremen Bedingungen arbeitet \u2013 deshalb liefern wir nicht nur Teile, sondern auch Sicherheit. Durch die Kombination europ\u00e4ischer Markenwerte mit fortschrittlichen Pr\u00fcftechnologien stellt Turborail sicher, dass jede Rumpfgruppe dazu beitr\u00e4gt, dass Ihr Fahrzeug ruhiger, l\u00e4nger und effizienter l\u00e4uft.  <\/p>\t\t\t\t<\/div>\n\t\t\t\t\t<\/div>\n\t\t\t\t\t\t<\/div>\n\t\t\t\t<\/div>\n\t\t\t\t<\/div>\n\t\t\t\t<\/div>\n\t\t<div class=\"elementor-element elementor-element-55387ab e-con-full e-flex e-con e-child\" data-id=\"55387ab\" data-element_type=\"container\" data-e-type=\"container\">\n\t\t<div class=\"elementor-element elementor-element-1f797f8 e-con-full e-flex e-con e-child\" data-id=\"1f797f8\" data-element_type=\"container\" data-e-type=\"container\">\n\t\t<div class=\"elementor-element elementor-element-82c4879 e-con-full e-flex e-con e-child\" data-id=\"82c4879\" data-element_type=\"container\" data-e-type=\"container\">\n\t\t\t\t<div class=\"elementor-element elementor-element-4c09baf elementor-widget elementor-widget-wd_text_block\" data-id=\"4c09baf\" data-element_type=\"widget\" data-e-type=\"widget\" data-widget_type=\"wd_text_block.default\">\n\t\t\t\t<div class=\"elementor-widget-container\">\n\t\t\t\t\t\t\t<div class=\"wd-text-block reset-last-child text-left\">\n\t\t\t\n\t\t\t<h3><strong>Warum Turborail Rumpfgruppen w\u00e4hlen?<\/strong><\/h3><ul><li><strong>Fortschrittliche VSR-Auswuchtung:<\/strong> Jede einzelne Turborail-Rumpfgruppe wird auf weltweit f\u00fchrenden <strong>Turbo Technics VSR (Vibration Sorting Rig)<\/strong>-Maschinen pr\u00e4zise ausgewuchtet. Dieser Hochgeschwindigkeits-Auswuchtprozess simuliert reale Betriebsbedingungen, um Vibrationen zu eliminieren und so Spitzenleistung sowie einen leisen Lauf zu gew\u00e4hrleisten. <\/li><li><strong>Maximale Lebensdauer:<\/strong> Unser strenger Auswucht- und Montageprozess reduziert innere Spannungen und Verschlei\u00df erheblich. Durch die Sicherstellung perfekter Rotationsstabilit\u00e4t maximieren wir die Lebensdauer sowohl der Rumpfgruppe als auch des gesamten Turboladersystems. <\/li><li><strong>Strenge Qualit\u00e4tskontrolle:<\/strong> Jede Komponente durchl\u00e4uft w\u00e4hrend des gesamten Prozesses eine gr\u00fcndliche Qualit\u00e4tspr\u00fcfung. Wir halten hohe Standards ein, um sicherzustellen, dass jedes von uns gelieferte Teil sofort montiert werden kann und einwandfrei funktioniert. <\/li><li><strong>Europ\u00e4ische Markenexzellenz:<\/strong> Mit unserem Operationszentrum in der Europ\u00e4ischen Union bieten wir zuverl\u00e4ssigen Kundensupport und einen Markenhintergrund, der die Anforderungen der europ\u00e4ischen Automobilindustrie versteht.<\/li><li><strong>Optimierte Leistung:<\/strong> Unsere Rumpfgruppen wurden entwickelt, um die urspr\u00fcngliche Leistung und Kraftstoffeffizienz Ihres Motors wiederherzustellen, und bieten eine kosteneffiziente, aber kompromisslose Alternative zum kompletten Turbolader-Austausch.<\/li><\/ul>\n\t\t\t\t\t<\/div>\n\t\t\t\t\t\t<\/div>\n\t\t\t\t<\/div>\n\t\t\t\t<\/div>\n\t\t<div class=\"elementor-element elementor-element-cb76f73 e-con-full e-flex e-con e-child\" data-id=\"cb76f73\" data-element_type=\"container\" data-e-type=\"container\">\n\t\t\t\t<div class=\"elementor-element elementor-element-d751ae9 elementor-widget elementor-widget-wd_image_or_svg\" data-id=\"d751ae9\" data-element_type=\"widget\" data-e-type=\"widget\" data-widget_type=\"wd_image_or_svg.default\">\n\t\t\t\t<div class=\"elementor-widget-container\">\n\t\t\t\t\t\n\t\t<div class=\"wd-image text-left\">\n\t\t\t\t\t\t\t\t<img decoding=\"async\" width=\"493\" height=\"478\" src=\"https:\/\/www.turbo-shop.eu\/wp-content\/uploads\/2025\/12\/cc_2.png\" class=\"attachment-full size-full\" alt=\"turborail CHRA\" srcset=\"https:\/\/www.turbo-shop.eu\/wp-content\/uploads\/2025\/12\/cc_2.png 493w, https:\/\/www.turbo-shop.eu\/wp-content\/uploads\/2025\/12\/cc_2-309x300.png 309w, https:\/\/www.turbo-shop.eu\/wp-content\/uploads\/2025\/12\/cc_2-430x417.png 430w, https:\/\/www.turbo-shop.eu\/wp-content\/uploads\/2025\/12\/cc_2-150x145.png 150w\" sizes=\"(max-width: 493px) 100vw, 493px\" \/>\t\t\t\t\t<\/div>\n\n\t\t\t\t\t\t<\/div>\n\t\t\t\t<\/div>\n\t\t\t\t<\/div>\n\t\t\t\t<\/div>\n\t\t\t\t<\/div>\n\t\t\t\t\t<\/div>\n\t\t\t\t<\/div>\n\t\t<div class=\"wd-negative-gap elementor-element elementor-element-5f1308e e-flex e-con-boxed e-con e-parent\" data-id=\"5f1308e\" data-element_type=\"container\" data-e-type=\"container\">\n\t\t\t\t\t<div class=\"e-con-inner\">\n\t\t<div class=\"elementor-element elementor-element-e713bb4 e-con-full e-flex e-con e-child\" data-id=\"e713bb4\" data-element_type=\"container\" data-e-type=\"container\" data-settings=\"{&quot;background_background&quot;:&quot;classic&quot;}\">\n\t\t<div class=\"elementor-element elementor-element-33c3df9 e-con-full e-flex e-con e-child\" data-id=\"33c3df9\" data-element_type=\"container\" data-e-type=\"container\">\n\t\t\t\t<div class=\"elementor-element elementor-element-7bdad15 elementor-widget elementor-widget-wd_infobox\" data-id=\"7bdad15\" data-element_type=\"widget\" data-e-type=\"widget\" data-widget_type=\"wd_infobox.default\">\n\t\t\t\t<div class=\"elementor-widget-container\">\n\t\t\t\t\t\t\t<div class=\"info-box-wrapper\">\n\t\t\t<div class=\"wd-info-box text-left box-icon-align-left box-style-base color-scheme- wd-items-top\">\n\t\t\t\t\t\t\t\t\t<div class=\"box-icon-wrapper  box-with-icon box-icon-simple\">\n\t\t\t\t\t\t<div class=\"info-box-icon\">\n\t\t\t\t\t\t\t\t\t\t\t\t\t\t\t<div class=\"info-svg-wrapper\" style=\"width:50px; height:67px;\"><img loading=\"lazy\" decoding=\"async\"  src=\"https:\/\/www.turbo-shop.eu\/wp-content\/uploads\/2021\/09\/motorcycle-filters-ico.svg\" title=\"motorcycle-filters-ico\" loading=\"lazy\" width=\"50\" height=\"67\"><\/div>\t\t\t\t\t\t\t\t\t\t\t\t\t<\/div>\n\t\t\t\t\t<\/div>\n\t\t\t\t\n\t\t\t\t<div class=\"info-box-content\">\n\t\t\t\t\t\n\t\t\t\t\t\t\t\t\t\t\t<h4\t\t\t\t\t\tclass=\"info-box-title title box-title-style-default wd-fontsize-xl\" data-elementor-setting-key=\"title\">\n\t\t\t\t\t\t\t\tFinden Sie Ihre CHRA anhand der Turbonummer oder SKU!\t\t\t\t\t\t<\/h4>\n\t\t\t\t\t\n\t\t\t\t\t<div class=\"info-box-inner reset-last-child\"data-elementor-setting-key=\"content\"><p data-start=\"75\" data-end=\"237\">Geben Sie die genaue Turbonummer oder Produktteilenummer ein, um sofort eine \u00dcbereinstimmung zu finden.<\/p>\n<p data-start=\"239\" data-end=\"339\" data-is-last-node=\"\" data-is-only-node=\"\">\n<\/div>\n\n\t\t\t\t\t\t\t\t\t<\/div>\n\n\t\t\t\t\t\t\t\t\t<a href=\"#\" class=\"wd-info-box-link wd-fill\" aria-label=\"Infobox link\"><\/a>\n\t\t\t\t\t\t\t<\/div>\n\t\t<\/div>\n\t\t\t\t\t\t<\/div>\n\t\t\t\t<\/div>\n\t\t\t\t<\/div>\n\t\t<div class=\"elementor-element elementor-element-e894634 e-con-full e-flex e-con e-child\" data-id=\"e894634\" data-element_type=\"container\" data-e-type=\"container\">\n\t\t\t\t<div class=\"elementor-element elementor-element-151e810 elementor-widget__width-initial elementor-widget-tablet__width-initial elementor-widget elementor-widget-shortcode\" data-id=\"151e810\" data-element_type=\"widget\" data-e-type=\"widget\" data-widget_type=\"shortcode.default\">\n\t\t\t\t\t\t\t<div class=\"elementor-shortcode\">    <div class=\"turbo-plain\">\n                    <form class=\"turbo-search-form\" action=\"\" method=\"get\" autocomplete=\"off\">\n            <label for=\"turbo-input\" class=\"turbo-label\">Turbo number or SKU search<\/label>\n            <div class=\"turbo-input-wrap\">\n                <input\n                    type=\"text\"\n                    id=\"turbo-input\"\n                    name=\"turbo\"\n                    value=\"\"\n                    placeholder=\"e.g. 717858-001, 038145702G\"\n                \/>\n                <button type=\"submit\">Search<\/button>\n            <\/div>\n            <div id=\"turbo-suggest\" class=\"turbo-suggest\" hidden><\/div>\n        <\/form>\n            <\/div>\n    \n<\/div>\n\t\t\t\t\t\t<\/div>\n\t\t\t\t<\/div>\n\t\t\t\t<\/div>\n\t\t\t\t\t<\/div>\n\t\t\t\t<\/div>\n\t\t\t\t<\/div>\n\t\t","protected":false},"excerpt":{"rendered":"<p>DAS HERZ IHRES TURBOLADERS Turborail Rumpfgruppen Die Zuverl\u00e4ssigkeit und Effizienz eines Turboladers h\u00e4ngen vollst\u00e4ndig von der Qualit\u00e4t seiner inneren rotierenden<\/p>\n","protected":false},"author":1,"featured_media":0,"parent":0,"menu_order":0,"comment_status":"closed","ping_status":"open","template":"maintenance.php","meta":{"_acf_changed":false,"footnotes":""},"class_list":["post-70063","page","type-page","status-publish","hentry"],"acf":[],"yoast_head":"<!-- This site is optimized with the Yoast SEO plugin v27.4 - https:\/\/yoast.com\/product\/yoast-seo-wordpress\/ -->\n<title>Rumpfgruppe - Turbo Shop<\/title>\n<meta name=\"description\" content=\"Alles, was Sie \u00fcber Turborail-Rumpfgruppen wissen m\u00fcssen \u2013 Premium-TurboRail-CHRA-Teile f\u00fcr zuverl\u00e4ssige Turbolader-Instandsetzungen. OE-kompatible Rumpfgruppen mit schnellem EU-Versand und kompetentem Support.\" \/>\n<meta name=\"robots\" content=\"noindex, follow, max-snippet:-1, max-image-preview:large, max-video-preview:-1\" \/>\n<meta property=\"og:locale\" content=\"de_DE\" \/>\n<meta property=\"og:type\" content=\"article\" \/>\n<meta property=\"og:title\" content=\"Rumpfgruppe - Turbo Shop\" \/>\n<meta property=\"og:description\" content=\"Alles, was Sie \u00fcber Turborail-Rumpfgruppen wissen m\u00fcssen \u2013 Premium-TurboRail-CHRA-Teile f\u00fcr zuverl\u00e4ssige Turbolader-Instandsetzungen. OE-kompatible Rumpfgruppen mit schnellem EU-Versand und kompetentem Support.\" \/>\n<meta property=\"og:url\" content=\"https:\/\/www.turbo-shop.eu\/de\/rumpfgruppe\/\" \/>\n<meta property=\"og:site_name\" content=\"Turbo Shop\" \/>\n<meta property=\"article:publisher\" content=\"https:\/\/www.facebook.com\/turborailofficial\/\" \/>\n<meta property=\"article:modified_time\" content=\"2026-04-16T10:04:34+00:00\" \/>\n<meta property=\"og:image\" content=\"https:\/\/www.turbo-shop.eu\/wp-content\/uploads\/2025\/10\/turborail_about_us.jpg\" \/>\n<meta name=\"twitter:card\" content=\"summary_large_image\" \/>\n<meta name=\"twitter:label1\" content=\"Gesch\u00e4tzte Lesezeit\" \/>\n\t<meta name=\"twitter:data1\" content=\"2\u00a0Minuten\" \/>\n<script type=\"application\/ld+json\" class=\"yoast-schema-graph\">{\"@context\":\"https:\\\/\\\/schema.org\",\"@graph\":[{\"@type\":\"WebPage\",\"@id\":\"https:\\\/\\\/www.turbo-shop.eu\\\/de\\\/rumpfgruppe\\\/\",\"url\":\"https:\\\/\\\/www.turbo-shop.eu\\\/de\\\/rumpfgruppe\\\/\",\"name\":\"Rumpfgruppe - Turbo Shop\",\"isPartOf\":{\"@id\":\"https:\\\/\\\/www.turbo-shop.eu\\\/de\\\/#website\"},\"primaryImageOfPage\":{\"@id\":\"https:\\\/\\\/www.turbo-shop.eu\\\/de\\\/rumpfgruppe\\\/#primaryimage\"},\"image\":{\"@id\":\"https:\\\/\\\/www.turbo-shop.eu\\\/de\\\/rumpfgruppe\\\/#primaryimage\"},\"thumbnailUrl\":\"https:\\\/\\\/www.turbo-shop.eu\\\/wp-content\\\/uploads\\\/2025\\\/10\\\/turborail_about_us.jpg\",\"datePublished\":\"2025-07-14T14:36:02+00:00\",\"dateModified\":\"2026-04-16T10:04:34+00:00\",\"description\":\"Alles, was Sie \u00fcber Turborail-Rumpfgruppen wissen m\u00fcssen \u2013 Premium-TurboRail-CHRA-Teile f\u00fcr zuverl\u00e4ssige Turbolader-Instandsetzungen. OE-kompatible Rumpfgruppen mit schnellem EU-Versand und kompetentem Support.\",\"breadcrumb\":{\"@id\":\"https:\\\/\\\/www.turbo-shop.eu\\\/de\\\/rumpfgruppe\\\/#breadcrumb\"},\"inLanguage\":\"de\",\"potentialAction\":[{\"@type\":\"ReadAction\",\"target\":[\"https:\\\/\\\/www.turbo-shop.eu\\\/de\\\/rumpfgruppe\\\/\"]}]},{\"@type\":\"ImageObject\",\"inLanguage\":\"de\",\"@id\":\"https:\\\/\\\/www.turbo-shop.eu\\\/de\\\/rumpfgruppe\\\/#primaryimage\",\"url\":\"https:\\\/\\\/www.turbo-shop.eu\\\/wp-content\\\/uploads\\\/2025\\\/10\\\/turborail_about_us.jpg\",\"contentUrl\":\"https:\\\/\\\/www.turbo-shop.eu\\\/wp-content\\\/uploads\\\/2025\\\/10\\\/turborail_about_us.jpg\"},{\"@type\":\"BreadcrumbList\",\"@id\":\"https:\\\/\\\/www.turbo-shop.eu\\\/de\\\/rumpfgruppe\\\/#breadcrumb\",\"itemListElement\":[{\"@type\":\"ListItem\",\"position\":1,\"name\":\"Home\",\"item\":\"https:\\\/\\\/www.turbo-shop.eu\\\/de\\\/\"},{\"@type\":\"ListItem\",\"position\":2,\"name\":\"Rumpfgruppe\"}]},{\"@type\":\"WebSite\",\"@id\":\"https:\\\/\\\/www.turbo-shop.eu\\\/de\\\/#website\",\"url\":\"https:\\\/\\\/www.turbo-shop.eu\\\/de\\\/\",\"name\":\"Turbo Shop\",\"description\":\"\",\"publisher\":{\"@id\":\"https:\\\/\\\/www.turbo-shop.eu\\\/de\\\/#organization\"},\"potentialAction\":[{\"@type\":\"SearchAction\",\"target\":{\"@type\":\"EntryPoint\",\"urlTemplate\":\"https:\\\/\\\/www.turbo-shop.eu\\\/de\\\/?s={search_term_string}\"},\"query-input\":{\"@type\":\"PropertyValueSpecification\",\"valueRequired\":true,\"valueName\":\"search_term_string\"}}],\"inLanguage\":\"de\"},{\"@type\":\"Organization\",\"@id\":\"https:\\\/\\\/www.turbo-shop.eu\\\/de\\\/#organization\",\"name\":\"Turbo Shop\",\"url\":\"https:\\\/\\\/www.turbo-shop.eu\\\/de\\\/\",\"logo\":{\"@type\":\"ImageObject\",\"inLanguage\":\"de\",\"@id\":\"https:\\\/\\\/www.turbo-shop.eu\\\/de\\\/#\\\/schema\\\/logo\\\/image\\\/\",\"url\":\"https:\\\/\\\/www.turbo-shop.eu\\\/wp-content\\\/uploads\\\/2025\\\/09\\\/turborail_logo.png\",\"contentUrl\":\"https:\\\/\\\/www.turbo-shop.eu\\\/wp-content\\\/uploads\\\/2025\\\/09\\\/turborail_logo.png\",\"width\":369,\"height\":53,\"caption\":\"Turbo Shop\"},\"image\":{\"@id\":\"https:\\\/\\\/www.turbo-shop.eu\\\/de\\\/#\\\/schema\\\/logo\\\/image\\\/\"},\"sameAs\":[\"https:\\\/\\\/www.facebook.com\\\/turborailofficial\\\/\"]}]}<\/script>\n<!-- \/ Yoast SEO plugin. -->","yoast_head_json":{"title":"Rumpfgruppe - Turbo Shop","description":"Alles, was Sie \u00fcber Turborail-Rumpfgruppen wissen m\u00fcssen \u2013 Premium-TurboRail-CHRA-Teile f\u00fcr zuverl\u00e4ssige Turbolader-Instandsetzungen. OE-kompatible Rumpfgruppen mit schnellem EU-Versand und kompetentem Support.","robots":{"index":"noindex","follow":"follow","max-snippet":"max-snippet:-1","max-image-preview":"max-image-preview:large","max-video-preview":"max-video-preview:-1"},"og_locale":"de_DE","og_type":"article","og_title":"Rumpfgruppe - Turbo Shop","og_description":"Alles, was Sie \u00fcber Turborail-Rumpfgruppen wissen m\u00fcssen \u2013 Premium-TurboRail-CHRA-Teile f\u00fcr zuverl\u00e4ssige Turbolader-Instandsetzungen. OE-kompatible Rumpfgruppen mit schnellem EU-Versand und kompetentem Support.","og_url":"https:\/\/www.turbo-shop.eu\/de\/rumpfgruppe\/","og_site_name":"Turbo Shop","article_publisher":"https:\/\/www.facebook.com\/turborailofficial\/","article_modified_time":"2026-04-16T10:04:34+00:00","og_image":[{"url":"https:\/\/www.turbo-shop.eu\/wp-content\/uploads\/2025\/10\/turborail_about_us.jpg","type":"","width":"","height":""}],"twitter_card":"summary_large_image","twitter_misc":{"Gesch\u00e4tzte Lesezeit":"2\u00a0Minuten"},"schema":{"@context":"https:\/\/schema.org","@graph":[{"@type":"WebPage","@id":"https:\/\/www.turbo-shop.eu\/de\/rumpfgruppe\/","url":"https:\/\/www.turbo-shop.eu\/de\/rumpfgruppe\/","name":"Rumpfgruppe - Turbo Shop","isPartOf":{"@id":"https:\/\/www.turbo-shop.eu\/de\/#website"},"primaryImageOfPage":{"@id":"https:\/\/www.turbo-shop.eu\/de\/rumpfgruppe\/#primaryimage"},"image":{"@id":"https:\/\/www.turbo-shop.eu\/de\/rumpfgruppe\/#primaryimage"},"thumbnailUrl":"https:\/\/www.turbo-shop.eu\/wp-content\/uploads\/2025\/10\/turborail_about_us.jpg","datePublished":"2025-07-14T14:36:02+00:00","dateModified":"2026-04-16T10:04:34+00:00","description":"Alles, was Sie \u00fcber Turborail-Rumpfgruppen wissen m\u00fcssen \u2013 Premium-TurboRail-CHRA-Teile f\u00fcr zuverl\u00e4ssige Turbolader-Instandsetzungen. OE-kompatible Rumpfgruppen mit schnellem EU-Versand und kompetentem Support.","breadcrumb":{"@id":"https:\/\/www.turbo-shop.eu\/de\/rumpfgruppe\/#breadcrumb"},"inLanguage":"de","potentialAction":[{"@type":"ReadAction","target":["https:\/\/www.turbo-shop.eu\/de\/rumpfgruppe\/"]}]},{"@type":"ImageObject","inLanguage":"de","@id":"https:\/\/www.turbo-shop.eu\/de\/rumpfgruppe\/#primaryimage","url":"https:\/\/www.turbo-shop.eu\/wp-content\/uploads\/2025\/10\/turborail_about_us.jpg","contentUrl":"https:\/\/www.turbo-shop.eu\/wp-content\/uploads\/2025\/10\/turborail_about_us.jpg"},{"@type":"BreadcrumbList","@id":"https:\/\/www.turbo-shop.eu\/de\/rumpfgruppe\/#breadcrumb","itemListElement":[{"@type":"ListItem","position":1,"name":"Home","item":"https:\/\/www.turbo-shop.eu\/de\/"},{"@type":"ListItem","position":2,"name":"Rumpfgruppe"}]},{"@type":"WebSite","@id":"https:\/\/www.turbo-shop.eu\/de\/#website","url":"https:\/\/www.turbo-shop.eu\/de\/","name":"Turbo Shop","description":"","publisher":{"@id":"https:\/\/www.turbo-shop.eu\/de\/#organization"},"potentialAction":[{"@type":"SearchAction","target":{"@type":"EntryPoint","urlTemplate":"https:\/\/www.turbo-shop.eu\/de\/?s={search_term_string}"},"query-input":{"@type":"PropertyValueSpecification","valueRequired":true,"valueName":"search_term_string"}}],"inLanguage":"de"},{"@type":"Organization","@id":"https:\/\/www.turbo-shop.eu\/de\/#organization","name":"Turbo Shop","url":"https:\/\/www.turbo-shop.eu\/de\/","logo":{"@type":"ImageObject","inLanguage":"de","@id":"https:\/\/www.turbo-shop.eu\/de\/#\/schema\/logo\/image\/","url":"https:\/\/www.turbo-shop.eu\/wp-content\/uploads\/2025\/09\/turborail_logo.png","contentUrl":"https:\/\/www.turbo-shop.eu\/wp-content\/uploads\/2025\/09\/turborail_logo.png","width":369,"height":53,"caption":"Turbo Shop"},"image":{"@id":"https:\/\/www.turbo-shop.eu\/de\/#\/schema\/logo\/image\/"},"sameAs":["https:\/\/www.facebook.com\/turborailofficial\/"]}]}},"_links":{"self":[{"href":"https:\/\/www.turbo-shop.eu\/de\/wp-json\/wp\/v2\/pages\/70063","targetHints":{"allow":["GET"]}}],"collection":[{"href":"https:\/\/www.turbo-shop.eu\/de\/wp-json\/wp\/v2\/pages"}],"about":[{"href":"https:\/\/www.turbo-shop.eu\/de\/wp-json\/wp\/v2\/types\/page"}],"author":[{"embeddable":true,"href":"https:\/\/www.turbo-shop.eu\/de\/wp-json\/wp\/v2\/users\/1"}],"replies":[{"embeddable":true,"href":"https:\/\/www.turbo-shop.eu\/de\/wp-json\/wp\/v2\/comments?post=70063"}],"version-history":[{"count":1,"href":"https:\/\/www.turbo-shop.eu\/de\/wp-json\/wp\/v2\/pages\/70063\/revisions"}],"predecessor-version":[{"id":70065,"href":"https:\/\/www.turbo-shop.eu\/de\/wp-json\/wp\/v2\/pages\/70063\/revisions\/70065"}],"wp:attachment":[{"href":"https:\/\/www.turbo-shop.eu\/de\/wp-json\/wp\/v2\/media?parent=70063"}],"curies":[{"name":"wp","href":"https:\/\/api.w.org\/{rel}","templated":true}]}}