{"id":70040,"date":"2025-11-04T05:36:51","date_gmt":"2025-11-04T05:36:51","guid":{"rendered":"https:\/\/www.turbo-shop.eu\/aktuator\/"},"modified":"2026-04-16T09:49:55","modified_gmt":"2026-04-16T09:49:55","slug":"aktuator","status":"publish","type":"page","link":"https:\/\/www.turbo-shop.eu\/de\/aktuator\/","title":{"rendered":"Aktuator"},"content":{"rendered":"\t\t<div data-elementor-type=\"wp-page\" data-elementor-id=\"70040\" class=\"elementor elementor-70040 elementor-29533\">\n\t\t\t\t<div class=\"wd-negative-gap elementor-element elementor-element-26f47314 e-flex e-con-boxed e-con e-parent\" data-id=\"26f47314\" data-element_type=\"container\" data-e-type=\"container\">\n\t\t\t\t\t<div class=\"e-con-inner\">\n\t\t<div class=\"elementor-element elementor-element-351d864c e-con-full e-flex e-con e-child\" data-id=\"351d864c\" data-element_type=\"container\" data-e-type=\"container\">\n\t\t<div class=\"elementor-element elementor-element-5efbb3a2 e-con-full e-flex e-con e-child\" data-id=\"5efbb3a2\" data-element_type=\"container\" data-e-type=\"container\">\n\t\t\t\t<div class=\"elementor-element elementor-element-6163e1c6 elementor-widget elementor-widget-wd_image_or_svg\" data-id=\"6163e1c6\" data-element_type=\"widget\" data-e-type=\"widget\" data-widget_type=\"wd_image_or_svg.default\">\n\t\t\t\t<div class=\"elementor-widget-container\">\n\t\t\t\t\t\n\t\t<div class=\"wd-image text-left\">\n\t\t\t\t\t\t\t\t<img fetchpriority=\"high\" decoding=\"async\" width=\"809\" height=\"807\" src=\"https:\/\/www.turbo-shop.eu\/wp-content\/uploads\/2025\/12\/housing_1-1.png\" class=\"attachment-full size-full\" alt=\"\" srcset=\"https:\/\/www.turbo-shop.eu\/wp-content\/uploads\/2025\/12\/housing_1-1.png 809w, https:\/\/www.turbo-shop.eu\/wp-content\/uploads\/2025\/12\/housing_1-1-301x300.png 301w, https:\/\/www.turbo-shop.eu\/wp-content\/uploads\/2025\/12\/housing_1-1-802x800.png 802w, https:\/\/www.turbo-shop.eu\/wp-content\/uploads\/2025\/12\/housing_1-1-150x150.png 150w, https:\/\/www.turbo-shop.eu\/wp-content\/uploads\/2025\/12\/housing_1-1-768x766.png 768w, https:\/\/www.turbo-shop.eu\/wp-content\/uploads\/2025\/12\/housing_1-1-430x429.png 430w, https:\/\/www.turbo-shop.eu\/wp-content\/uploads\/2025\/12\/housing_1-1-700x698.png 700w\" sizes=\"(max-width: 809px) 100vw, 809px\" \/>\t\t\t\t\t<\/div>\n\n\t\t\t\t\t\t<\/div>\n\t\t\t\t<\/div>\n\t\t\t\t<\/div>\n\t\t<div class=\"elementor-element elementor-element-6ec9a860 e-con-full e-flex e-con e-child\" data-id=\"6ec9a860\" data-element_type=\"container\" data-e-type=\"container\">\n\t\t\t\t<div class=\"elementor-element elementor-element-6175f915 wd-width-100 elementor-widget elementor-widget-wd_title\" data-id=\"6175f915\" data-element_type=\"widget\" data-e-type=\"widget\" data-widget_type=\"wd_title.default\">\n\t\t\t\t<div class=\"elementor-widget-container\">\n\t\t\t\t\t\t\t<div class=\"title-wrapper wd-set-mb reset-last-child wd-title-color-primary wd-title-style-default wd-title-size-large text-left\">\n\n\t\t\t\t\t\t\t\t\t\t\t<div class=\"title-subtitle subtitle-color-primary subtitle-style-default wd-fontsize-xs\">\n\t\t\t\t\tTURBORAIL AKTUATOREN\t\t\t\t<\/div>\n\t\t\t\n\t\t\t<div class=\"liner-continer\">\n\t\t\t\t<h2 class=\"woodmart-title-container title wd-fontsize-xxl\">Pr\u00e4zise Steuerung f\u00fcr maximalen Ladedruck<\/h2> \n\t\t\t\t\t\t\t<\/div>\n\n\t\t\t\t\t\t\t<div class=\"title-after_title reset-last-child wd-fontsize-s\">\n\t\t\t\t\t<p><strong>\u00dcbernehmen Sie wieder die Kontrolle \u00fcber die Leistung Ihres Motors mit hochzuverl\u00e4ssigen pneumatischen und elektronischen Aktuatoren einer vertrauensw\u00fcrdigen europ\u00e4ischen Marke.<\/strong><\/p><p>Der Aktuator ist der Dirigent der Leistung Ihres Turboladers. Ob es sich um ein traditionelles pneumatisches Wastegate oder eine hochentwickelte elektronische Einheit handelt, dieses Bauteil ist daf\u00fcr verantwortlich, Ihre Fahrbefehle in Ladedruck umzusetzen. Ein fehlerhafter Aktuator kann zu schlechter Beschleunigung, erh\u00f6hten Emissionen oder sogar zum Motorschutzmodus f\u00fchren. Turborail bietet eine umfassende Palette von Aktuatoren, die entwickelt wurden, um die blitzschnelle Reaktionsf\u00e4higkeit zu gew\u00e4hrleisten, die Ihr Motor ben\u00f6tigt.<\/p><p>Als engagierte europ\u00e4ische Marke mit Hauptsitz in der EU \u00fcberbr\u00fcckt Turborail die L\u00fccke zwischen Hightech-Engineering und allt\u00e4glicher Zuverl\u00e4ssigkeit. Unsere Aktuatoren sind so gebaut, dass sie der intensiven Hitze und der konstanten mechanischen Belastung im Motorraum standhalten und sicherstellen, dass Ihr Turbolader jederzeit innerhalb seiner sicheren und optimalen Parameter arbeitet.<\/p>\t\t\t\t<\/div>\n\t\t\t\t\t<\/div>\n\t\t\t\t\t\t<\/div>\n\t\t\t\t<\/div>\n\t\t\t\t<\/div>\n\t\t\t\t<\/div>\n\t\t<div class=\"elementor-element elementor-element-332e9f5c e-con-full e-flex e-con e-child\" data-id=\"332e9f5c\" data-element_type=\"container\" data-e-type=\"container\">\n\t\t<div class=\"elementor-element elementor-element-14b81816 e-con-full e-flex e-con e-child\" data-id=\"14b81816\" data-element_type=\"container\" data-e-type=\"container\">\n\t\t<div class=\"elementor-element elementor-element-45f29242 e-con-full e-flex e-con e-child\" data-id=\"45f29242\" data-element_type=\"container\" data-e-type=\"container\">\n\t\t\t\t<div class=\"elementor-element elementor-element-1f291c91 elementor-widget elementor-widget-wd_text_block\" data-id=\"1f291c91\" data-element_type=\"widget\" data-e-type=\"widget\" data-widget_type=\"wd_text_block.default\">\n\t\t\t\t<div class=\"elementor-widget-container\">\n\t\t\t\t\t\t\t<div class=\"wd-text-block reset-last-child text-left\">\n\t\t\t\n\t\t\t<h2 data-start=\"676\" data-end=\"696\">Wesentliche Vorteile <strong>von Turborail Aktuatoren<\/strong><\/h2><ul><li><strong>Pr\u00e4zisionskalibrierung:<\/strong> Jeder Turborail Aktuator ist so konstruiert, dass er die spezifischen Druck- und Bewegungsanforderungen Ihres Turboladers erf\u00fcllt. Dies gew\u00e4hrleistet eine pr\u00e4zise Ladedruckregelung und verhindert \u00dcber- oder Unterdruckszenarien.<\/li><li><strong>Erh\u00f6hte W\u00e4rmebest\u00e4ndigkeit:<\/strong> Unsere Aktuatoren werden aus hochbest\u00e4ndigen Materialien gefertigt, die den extremen Temperaturen in der N\u00e4he des Abgassystems standhalten. Dies verhindert Membranausf\u00e4lle bei pneumatischen Einheiten und sch\u00fctzt die interne Elektronik bei digitalen Versionen.<\/li><li><strong>Hochleistungs-Elektronik:<\/strong> F\u00fcr elektronische Aktuatoren verwenden wir robuste interne Motoren und hochwertige Mikrokomponenten. Dies gew\u00e4hrleistet eine schnelle Kommunikation mit dem Motorsteuerger\u00e4t (ECU) und eine reibungslose, ruckfreie Bewegung der Geometrie.<\/li><li><strong>Strenge Qualit\u00e4tskontrolle:<\/strong> Jede Einheit wird in unserem EU-Hauptsitz gr\u00fcndlich getestet. Wir konzentrieren uns auf Federkraft, Hubgenauigkeit und elektronische Signalintegrit\u00e4t, um sicherzustellen, dass jedes Teil bereit f\u00fcr die Stra\u00dfe ist.<\/li><li><strong>Plug-and-Play-Kompatibilit\u00e4t:<\/strong> Als direkter Ersatz f\u00fcr Originalkomponenten konzipiert, gew\u00e4hrleisten Turborail Aktuatoren einen unkomplizierten Installationsprozess und eine perfekte Passform mit Ihrer bestehenden Turboladerbaugruppe.<\/li><li><strong>Support einer europ\u00e4ischen Marke:<\/strong> Profitieren Sie von der Sicherheit einer europ\u00e4ischen Marke. Unsere EU-basierten Operationen stellen sicher, dass Sie professionelle Teile erhalten, die von einem Team unterst\u00fctzt werden, das sich der automobilen Exzellenz verschrieben hat.<\/li><\/ul>\n\t\t\t\t\t<\/div>\n\t\t\t\t\t\t<\/div>\n\t\t\t\t<\/div>\n\t\t\t\t<\/div>\n\t\t<div class=\"elementor-element elementor-element-5ba29456 e-con-full e-flex e-con e-child\" data-id=\"5ba29456\" data-element_type=\"container\" data-e-type=\"container\">\n\t\t\t\t<div class=\"elementor-element elementor-element-5c4aa528 elementor-widget elementor-widget-wd_image_or_svg\" data-id=\"5c4aa528\" data-element_type=\"widget\" data-e-type=\"widget\" data-widget_type=\"wd_image_or_svg.default\">\n\t\t\t\t<div class=\"elementor-widget-container\">\n\t\t\t\t\t\n\t\t<div class=\"wd-image text-left\">\n\t\t\t\t\t\t\t\t<img decoding=\"async\" width=\"493\" height=\"478\" src=\"https:\/\/www.turbo-shop.eu\/wp-content\/uploads\/2025\/11\/actuator.png\" class=\"attachment-full size-full\" alt=\"\" srcset=\"https:\/\/www.turbo-shop.eu\/wp-content\/uploads\/2025\/11\/actuator.png 493w, https:\/\/www.turbo-shop.eu\/wp-content\/uploads\/2025\/11\/actuator-309x300.png 309w, https:\/\/www.turbo-shop.eu\/wp-content\/uploads\/2025\/11\/actuator-430x417.png 430w, https:\/\/www.turbo-shop.eu\/wp-content\/uploads\/2025\/11\/actuator-150x145.png 150w\" sizes=\"(max-width: 493px) 100vw, 493px\" \/>\t\t\t\t\t<\/div>\n\n\t\t\t\t\t\t<\/div>\n\t\t\t\t<\/div>\n\t\t\t\t<\/div>\n\t\t\t\t<\/div>\n\t\t\t\t<\/div>\n\t\t\t\t\t<\/div>\n\t\t\t\t<\/div>\n\t\t<div class=\"wd-negative-gap elementor-element elementor-element-33ceca5a e-flex e-con-boxed e-con e-parent\" data-id=\"33ceca5a\" data-element_type=\"container\" data-e-type=\"container\">\n\t\t\t\t\t<div class=\"e-con-inner\">\n\t\t<div class=\"elementor-element elementor-element-7474bcd4 e-con-full e-flex e-con e-child\" data-id=\"7474bcd4\" data-element_type=\"container\" data-e-type=\"container\" data-settings=\"{&quot;background_background&quot;:&quot;classic&quot;}\">\n\t\t<div class=\"elementor-element elementor-element-5e12a57 e-con-full e-flex e-con e-child\" data-id=\"5e12a57\" data-element_type=\"container\" data-e-type=\"container\">\n\t\t\t\t<div class=\"elementor-element elementor-element-60ab1e66 elementor-widget elementor-widget-wd_infobox\" data-id=\"60ab1e66\" data-element_type=\"widget\" data-e-type=\"widget\" data-widget_type=\"wd_infobox.default\">\n\t\t\t\t<div class=\"elementor-widget-container\">\n\t\t\t\t\t\t\t<div class=\"info-box-wrapper\">\n\t\t\t<div class=\"wd-info-box text-left box-icon-align-left box-style-base color-scheme- wd-items-top\">\n\t\t\t\t\t\t\t\t\t<div class=\"box-icon-wrapper  box-with-icon box-icon-simple\">\n\t\t\t\t\t\t<div class=\"info-box-icon\">\n\t\t\t\t\t\t\t\t\t\t\t\t\t\t\t<div class=\"info-svg-wrapper\" style=\"width:50px; height:67px;\"><img loading=\"lazy\" decoding=\"async\"  src=\"https:\/\/www.turbo-shop.eu\/wp-content\/uploads\/2021\/09\/motorcycle-filters-ico.svg\" title=\"motorcycle-filters-ico\" loading=\"lazy\" width=\"50\" height=\"67\"><\/div>\t\t\t\t\t\t\t\t\t\t\t\t\t<\/div>\n\t\t\t\t\t<\/div>\n\t\t\t\t\n\t\t\t\t<div class=\"info-box-content\">\n\t\t\t\t\t\n\t\t\t\t\t\t\t\t\t\t\t<h3\t\t\t\t\t\tclass=\"info-box-title title box-title-style-default wd-fontsize-xl\" data-elementor-setting-key=\"title\">\n\t\t\t\t\t\t\t\tFinden Sie Ihren Aktuator anhand seiner Turbonummer!\t\t\t\t\t\t<\/h3>\n\t\t\t\t\t\n\t\t\t\t\t<div class=\"info-box-inner reset-last-child\"data-elementor-setting-key=\"content\"><p data-start=\"75\" data-end=\"237\">Geben Sie die genaue Turbonummer oder Produktteilenummer ein, um sofort eine \u00dcbereinstimmung zu finden.<\/p>\n<p data-start=\"239\" data-end=\"339\" data-is-last-node=\"\" data-is-only-node=\"\">\n<\/div>\n\n\t\t\t\t\t\t\t\t\t<\/div>\n\n\t\t\t\t\t\t\t\t\t<a href=\"#\" class=\"wd-info-box-link wd-fill\" aria-label=\"Infobox link\"><\/a>\n\t\t\t\t\t\t\t<\/div>\n\t\t<\/div>\n\t\t\t\t\t\t<\/div>\n\t\t\t\t<\/div>\n\t\t\t\t<\/div>\n\t\t<div class=\"elementor-element elementor-element-2bdbf5a1 e-con-full e-flex e-con e-child\" data-id=\"2bdbf5a1\" data-element_type=\"container\" data-e-type=\"container\">\n\t\t\t\t<div class=\"elementor-element elementor-element-cfd0c92 elementor-widget__width-initial elementor-widget-tablet__width-initial elementor-widget elementor-widget-shortcode\" data-id=\"cfd0c92\" data-element_type=\"widget\" data-e-type=\"widget\" data-widget_type=\"shortcode.default\">\n\t\t\t\t\t\t\t<div class=\"elementor-shortcode\">    <div class=\"turbo-plain\">\n                    <form class=\"turbo-search-form\" action=\"\" method=\"get\" autocomplete=\"off\">\n            <label for=\"turbo-input\" class=\"turbo-label\">Turbo number or SKU search<\/label>\n            <div class=\"turbo-input-wrap\">\n                <input\n                    type=\"text\"\n                    id=\"turbo-input\"\n                    name=\"turbo\"\n                    value=\"\"\n                    placeholder=\"e.g. 717858-001, 038145702G\"\n                \/>\n                <button type=\"submit\">Search<\/button>\n            <\/div>\n            <div id=\"turbo-suggest\" class=\"turbo-suggest\" hidden><\/div>\n        <\/form>\n            <\/div>\n    \n<\/div>\n\t\t\t\t\t\t<\/div>\n\t\t\t\t<\/div>\n\t\t\t\t<\/div>\n\t\t\t\t\t<\/div>\n\t\t\t\t<\/div>\n\t\t\t\t<\/div>\n\t\t","protected":false},"excerpt":{"rendered":"<p>TURBORAIL AKTUATOREN Pr\u00e4zise Steuerung f\u00fcr maximalen Ladedruck \u00dcbernehmen Sie wieder die Kontrolle \u00fcber die Leistung Ihres Motors mit hochzuverl\u00e4ssigen pneumatischen<\/p>\n","protected":false},"author":2,"featured_media":0,"parent":0,"menu_order":0,"comment_status":"closed","ping_status":"closed","template":"","meta":{"_acf_changed":false,"footnotes":""},"class_list":["post-70040","page","type-page","status-publish","hentry"],"acf":[],"yoast_head":"<!-- This site is optimized with the Yoast SEO plugin v27.4 - https:\/\/yoast.com\/product\/yoast-seo-wordpress\/ -->\n<title>TurboRail Turbo-Aktuator - Turbo Shop<\/title>\n<meta name=\"description\" content=\"Entdecken Sie TurboRail Turbo-Aktuatoren \u2013 hochwertige elektronische und pneumatische Einheiten f\u00fcr Diesel- &amp; Benzinmotoren. OE-kompatible Teile, schneller EU-Versand und zuverl\u00e4ssiger Support\" \/>\n<meta name=\"robots\" content=\"noindex, follow, max-snippet:-1, max-image-preview:large, max-video-preview:-1\" \/>\n<meta property=\"og:locale\" content=\"de_DE\" \/>\n<meta property=\"og:type\" content=\"article\" \/>\n<meta property=\"og:title\" content=\"TurboRail Turbo-Aktuator - Turbo Shop\" \/>\n<meta property=\"og:description\" content=\"Entdecken Sie TurboRail Turbo-Aktuatoren \u2013 hochwertige elektronische und pneumatische Einheiten f\u00fcr Diesel- &amp; Benzinmotoren. OE-kompatible Teile, schneller EU-Versand und zuverl\u00e4ssiger Support\" \/>\n<meta property=\"og:url\" content=\"https:\/\/www.turbo-shop.eu\/de\/aktuator\/\" \/>\n<meta property=\"og:site_name\" content=\"Turbo Shop\" \/>\n<meta property=\"article:publisher\" content=\"https:\/\/www.facebook.com\/turborailofficial\/\" \/>\n<meta property=\"article:modified_time\" content=\"2026-04-16T09:49:55+00:00\" \/>\n<meta property=\"og:image\" content=\"https:\/\/www.turbo-shop.eu\/wp-content\/uploads\/2025\/12\/housing_1-1.png\" \/>\n<meta name=\"twitter:card\" content=\"summary_large_image\" \/>\n<meta name=\"twitter:label1\" content=\"Gesch\u00e4tzte Lesezeit\" \/>\n\t<meta name=\"twitter:data1\" content=\"2\u00a0Minuten\" \/>\n<script type=\"application\/ld+json\" class=\"yoast-schema-graph\">{\"@context\":\"https:\\\/\\\/schema.org\",\"@graph\":[{\"@type\":\"WebPage\",\"@id\":\"https:\\\/\\\/www.turbo-shop.eu\\\/de\\\/aktuator\\\/\",\"url\":\"https:\\\/\\\/www.turbo-shop.eu\\\/de\\\/aktuator\\\/\",\"name\":\"TurboRail Turbo-Aktuator - Turbo Shop\",\"isPartOf\":{\"@id\":\"https:\\\/\\\/www.turbo-shop.eu\\\/de\\\/#website\"},\"primaryImageOfPage\":{\"@id\":\"https:\\\/\\\/www.turbo-shop.eu\\\/de\\\/aktuator\\\/#primaryimage\"},\"image\":{\"@id\":\"https:\\\/\\\/www.turbo-shop.eu\\\/de\\\/aktuator\\\/#primaryimage\"},\"thumbnailUrl\":\"https:\\\/\\\/www.turbo-shop.eu\\\/wp-content\\\/uploads\\\/2025\\\/12\\\/housing_1-1.png\",\"datePublished\":\"2025-11-04T05:36:51+00:00\",\"dateModified\":\"2026-04-16T09:49:55+00:00\",\"description\":\"Entdecken Sie TurboRail Turbo-Aktuatoren \u2013 hochwertige elektronische und pneumatische Einheiten f\u00fcr Diesel- & Benzinmotoren. OE-kompatible Teile, schneller EU-Versand und zuverl\u00e4ssiger Support\",\"breadcrumb\":{\"@id\":\"https:\\\/\\\/www.turbo-shop.eu\\\/de\\\/aktuator\\\/#breadcrumb\"},\"inLanguage\":\"de\",\"potentialAction\":[{\"@type\":\"ReadAction\",\"target\":[\"https:\\\/\\\/www.turbo-shop.eu\\\/de\\\/aktuator\\\/\"]}]},{\"@type\":\"ImageObject\",\"inLanguage\":\"de\",\"@id\":\"https:\\\/\\\/www.turbo-shop.eu\\\/de\\\/aktuator\\\/#primaryimage\",\"url\":\"https:\\\/\\\/www.turbo-shop.eu\\\/wp-content\\\/uploads\\\/2025\\\/12\\\/housing_1-1.png\",\"contentUrl\":\"https:\\\/\\\/www.turbo-shop.eu\\\/wp-content\\\/uploads\\\/2025\\\/12\\\/housing_1-1.png\"},{\"@type\":\"BreadcrumbList\",\"@id\":\"https:\\\/\\\/www.turbo-shop.eu\\\/de\\\/aktuator\\\/#breadcrumb\",\"itemListElement\":[{\"@type\":\"ListItem\",\"position\":1,\"name\":\"Home\",\"item\":\"https:\\\/\\\/www.turbo-shop.eu\\\/de\\\/\"},{\"@type\":\"ListItem\",\"position\":2,\"name\":\"Aktuator\"}]},{\"@type\":\"WebSite\",\"@id\":\"https:\\\/\\\/www.turbo-shop.eu\\\/de\\\/#website\",\"url\":\"https:\\\/\\\/www.turbo-shop.eu\\\/de\\\/\",\"name\":\"Turbo Shop\",\"description\":\"\",\"publisher\":{\"@id\":\"https:\\\/\\\/www.turbo-shop.eu\\\/de\\\/#organization\"},\"potentialAction\":[{\"@type\":\"SearchAction\",\"target\":{\"@type\":\"EntryPoint\",\"urlTemplate\":\"https:\\\/\\\/www.turbo-shop.eu\\\/de\\\/?s={search_term_string}\"},\"query-input\":{\"@type\":\"PropertyValueSpecification\",\"valueRequired\":true,\"valueName\":\"search_term_string\"}}],\"inLanguage\":\"de\"},{\"@type\":\"Organization\",\"@id\":\"https:\\\/\\\/www.turbo-shop.eu\\\/de\\\/#organization\",\"name\":\"Turbo Shop\",\"url\":\"https:\\\/\\\/www.turbo-shop.eu\\\/de\\\/\",\"logo\":{\"@type\":\"ImageObject\",\"inLanguage\":\"de\",\"@id\":\"https:\\\/\\\/www.turbo-shop.eu\\\/de\\\/#\\\/schema\\\/logo\\\/image\\\/\",\"url\":\"https:\\\/\\\/www.turbo-shop.eu\\\/wp-content\\\/uploads\\\/2025\\\/09\\\/turborail_logo.png\",\"contentUrl\":\"https:\\\/\\\/www.turbo-shop.eu\\\/wp-content\\\/uploads\\\/2025\\\/09\\\/turborail_logo.png\",\"width\":369,\"height\":53,\"caption\":\"Turbo Shop\"},\"image\":{\"@id\":\"https:\\\/\\\/www.turbo-shop.eu\\\/de\\\/#\\\/schema\\\/logo\\\/image\\\/\"},\"sameAs\":[\"https:\\\/\\\/www.facebook.com\\\/turborailofficial\\\/\"]}]}<\/script>\n<!-- \/ Yoast SEO plugin. -->","yoast_head_json":{"title":"TurboRail Turbo-Aktuator - Turbo Shop","description":"Entdecken Sie TurboRail Turbo-Aktuatoren \u2013 hochwertige elektronische und pneumatische Einheiten f\u00fcr Diesel- & Benzinmotoren. OE-kompatible Teile, schneller EU-Versand und zuverl\u00e4ssiger Support","robots":{"index":"noindex","follow":"follow","max-snippet":"max-snippet:-1","max-image-preview":"max-image-preview:large","max-video-preview":"max-video-preview:-1"},"og_locale":"de_DE","og_type":"article","og_title":"TurboRail Turbo-Aktuator - Turbo Shop","og_description":"Entdecken Sie TurboRail Turbo-Aktuatoren \u2013 hochwertige elektronische und pneumatische Einheiten f\u00fcr Diesel- & Benzinmotoren. OE-kompatible Teile, schneller EU-Versand und zuverl\u00e4ssiger Support","og_url":"https:\/\/www.turbo-shop.eu\/de\/aktuator\/","og_site_name":"Turbo Shop","article_publisher":"https:\/\/www.facebook.com\/turborailofficial\/","article_modified_time":"2026-04-16T09:49:55+00:00","og_image":[{"url":"https:\/\/www.turbo-shop.eu\/wp-content\/uploads\/2025\/12\/housing_1-1.png","type":"","width":"","height":""}],"twitter_card":"summary_large_image","twitter_misc":{"Gesch\u00e4tzte Lesezeit":"2\u00a0Minuten"},"schema":{"@context":"https:\/\/schema.org","@graph":[{"@type":"WebPage","@id":"https:\/\/www.turbo-shop.eu\/de\/aktuator\/","url":"https:\/\/www.turbo-shop.eu\/de\/aktuator\/","name":"TurboRail Turbo-Aktuator - Turbo Shop","isPartOf":{"@id":"https:\/\/www.turbo-shop.eu\/de\/#website"},"primaryImageOfPage":{"@id":"https:\/\/www.turbo-shop.eu\/de\/aktuator\/#primaryimage"},"image":{"@id":"https:\/\/www.turbo-shop.eu\/de\/aktuator\/#primaryimage"},"thumbnailUrl":"https:\/\/www.turbo-shop.eu\/wp-content\/uploads\/2025\/12\/housing_1-1.png","datePublished":"2025-11-04T05:36:51+00:00","dateModified":"2026-04-16T09:49:55+00:00","description":"Entdecken Sie TurboRail Turbo-Aktuatoren \u2013 hochwertige elektronische und pneumatische Einheiten f\u00fcr Diesel- & Benzinmotoren. OE-kompatible Teile, schneller EU-Versand und zuverl\u00e4ssiger Support","breadcrumb":{"@id":"https:\/\/www.turbo-shop.eu\/de\/aktuator\/#breadcrumb"},"inLanguage":"de","potentialAction":[{"@type":"ReadAction","target":["https:\/\/www.turbo-shop.eu\/de\/aktuator\/"]}]},{"@type":"ImageObject","inLanguage":"de","@id":"https:\/\/www.turbo-shop.eu\/de\/aktuator\/#primaryimage","url":"https:\/\/www.turbo-shop.eu\/wp-content\/uploads\/2025\/12\/housing_1-1.png","contentUrl":"https:\/\/www.turbo-shop.eu\/wp-content\/uploads\/2025\/12\/housing_1-1.png"},{"@type":"BreadcrumbList","@id":"https:\/\/www.turbo-shop.eu\/de\/aktuator\/#breadcrumb","itemListElement":[{"@type":"ListItem","position":1,"name":"Home","item":"https:\/\/www.turbo-shop.eu\/de\/"},{"@type":"ListItem","position":2,"name":"Aktuator"}]},{"@type":"WebSite","@id":"https:\/\/www.turbo-shop.eu\/de\/#website","url":"https:\/\/www.turbo-shop.eu\/de\/","name":"Turbo Shop","description":"","publisher":{"@id":"https:\/\/www.turbo-shop.eu\/de\/#organization"},"potentialAction":[{"@type":"SearchAction","target":{"@type":"EntryPoint","urlTemplate":"https:\/\/www.turbo-shop.eu\/de\/?s={search_term_string}"},"query-input":{"@type":"PropertyValueSpecification","valueRequired":true,"valueName":"search_term_string"}}],"inLanguage":"de"},{"@type":"Organization","@id":"https:\/\/www.turbo-shop.eu\/de\/#organization","name":"Turbo Shop","url":"https:\/\/www.turbo-shop.eu\/de\/","logo":{"@type":"ImageObject","inLanguage":"de","@id":"https:\/\/www.turbo-shop.eu\/de\/#\/schema\/logo\/image\/","url":"https:\/\/www.turbo-shop.eu\/wp-content\/uploads\/2025\/09\/turborail_logo.png","contentUrl":"https:\/\/www.turbo-shop.eu\/wp-content\/uploads\/2025\/09\/turborail_logo.png","width":369,"height":53,"caption":"Turbo Shop"},"image":{"@id":"https:\/\/www.turbo-shop.eu\/de\/#\/schema\/logo\/image\/"},"sameAs":["https:\/\/www.facebook.com\/turborailofficial\/"]}]}},"_links":{"self":[{"href":"https:\/\/www.turbo-shop.eu\/de\/wp-json\/wp\/v2\/pages\/70040","targetHints":{"allow":["GET"]}}],"collection":[{"href":"https:\/\/www.turbo-shop.eu\/de\/wp-json\/wp\/v2\/pages"}],"about":[{"href":"https:\/\/www.turbo-shop.eu\/de\/wp-json\/wp\/v2\/types\/page"}],"author":[{"embeddable":true,"href":"https:\/\/www.turbo-shop.eu\/de\/wp-json\/wp\/v2\/users\/2"}],"replies":[{"embeddable":true,"href":"https:\/\/www.turbo-shop.eu\/de\/wp-json\/wp\/v2\/comments?post=70040"}],"version-history":[{"count":1,"href":"https:\/\/www.turbo-shop.eu\/de\/wp-json\/wp\/v2\/pages\/70040\/revisions"}],"predecessor-version":[{"id":70041,"href":"https:\/\/www.turbo-shop.eu\/de\/wp-json\/wp\/v2\/pages\/70040\/revisions\/70041"}],"wp:attachment":[{"href":"https:\/\/www.turbo-shop.eu\/de\/wp-json\/wp\/v2\/media?parent=70040"}],"curies":[{"name":"wp","href":"https:\/\/api.w.org\/{rel}","templated":true}]}}